{"id":9386,"date":"2025-01-19T21:37:54","date_gmt":"2025-01-19T21:37:54","guid":{"rendered":"https:\/\/aicon-fest.pl\/?page_id=9386"},"modified":"2025-03-03T14:21:38","modified_gmt":"2025-03-03T14:21:38","slug":"informacje-parkingowe","status":"publish","type":"page","link":"https:\/\/aicon-fest.pl\/index.php\/informacje-parkingowe\/","title":{"rendered":"Informacje parkingowe"},"content":{"rendered":"\n<div style=\"height:100px\" aria-hidden=\"true\" class=\"wp-block-spacer\"><\/div>\n\n\n\n<p class=\"has-medium-font-size\"><strong>Z powodu remontu parkingu szkolnego NIE b\u0119dzie mo\u017cliwo\u015bci parkowania pod szko\u0142\u0105!<\/strong>  <\/p>\n\n\n\n<div style=\"height:100px\" aria-hidden=\"true\" class=\"wp-block-spacer\"><\/div>\n\n\n\n<figure class=\"wp-block-image size-full\"><img loading=\"lazy\" decoding=\"async\" width=\"1024\" height=\"482\" src=\"https:\/\/aicon-fest.pl\/wp-content\/uploads\/2025\/01\/parking-kosciuszki-5-1024x482-1.jpg\" alt=\"\" class=\"wp-image-9391\" srcset=\"https:\/\/aicon-fest.pl\/wp-content\/uploads\/2025\/01\/parking-kosciuszki-5-1024x482-1.jpg 1024w, https:\/\/aicon-fest.pl\/wp-content\/uploads\/2025\/01\/parking-kosciuszki-5-1024x482-1-300x141.jpg 300w, https:\/\/aicon-fest.pl\/wp-content\/uploads\/2025\/01\/parking-kosciuszki-5-1024x482-1-768x362.jpg 768w, https:\/\/aicon-fest.pl\/wp-content\/uploads\/2025\/01\/parking-kosciuszki-5-1024x482-1-1200x565.jpg 1200w\" sizes=\"auto, (max-width: 1024px) 100vw, 1024px\" \/><\/figure>\n\n\n\n<div style=\"height:100px\" aria-hidden=\"true\" class=\"wp-block-spacer\"><\/div>\n\n\n\n<p class=\"has-medium-font-size\"><\/p>\n\n\n\n<p>Dla tego polecamy skorzysta\u0107 z parking\u00f3w miejskich kt\u00f3re si\u0119 znajduj\u0105 w okolicy szko\u0142y konwentowej<\/p>\n\n\n\n<p>Parking znajduj\u0105cy si\u0119 na przeciwko szko\u0142y konwentowej<\/p>\n\n\n\n<p><strong>Parking nr 7 ul. Tadeusza Ko\u015bciuszki<\/strong><\/p>\n\n\n\n<div style=\"height:100px\" aria-hidden=\"true\" class=\"wp-block-spacer\"><\/div>\n\n\n\n<div style=\"height:48px\" aria-hidden=\"true\" class=\"wp-block-spacer\"><\/div>\n\n\n\n<figure class=\"wp-block-image size-full\"><img loading=\"lazy\" decoding=\"async\" width=\"968\" height=\"717\" src=\"https:\/\/aicon-fest.pl\/wp-content\/uploads\/2025\/01\/p7-tygiel-parking.jpg\" alt=\"\" class=\"wp-image-9392\" srcset=\"https:\/\/aicon-fest.pl\/wp-content\/uploads\/2025\/01\/p7-tygiel-parking.jpg 968w, https:\/\/aicon-fest.pl\/wp-content\/uploads\/2025\/01\/p7-tygiel-parking-300x222.jpg 300w, https:\/\/aicon-fest.pl\/wp-content\/uploads\/2025\/01\/p7-tygiel-parking-768x569.jpg 768w\" sizes=\"auto, (max-width: 968px) 100vw, 968px\" \/><\/figure>\n\n\n\n<div style=\"height:100px\" aria-hidden=\"true\" class=\"wp-block-spacer\"><\/div>\n\n\n\n<p><strong>Linki do parkingu&nbsp;<\/strong><a href=\"https:\/\/maps.app.goo.gl\/ecB7sMyA1zVQJ29x6\">https:\/\/maps.app.goo.gl\/ecB7sMyA1zVQJ29x6<\/a><\/p>\n\n\n\n<div style=\"height:100px\" aria-hidden=\"true\" class=\"wp-block-spacer\"><\/div>\n\n\n\n<p><strong>Drugi parking<\/strong> blisko szko\u0142y to Parking nr 7 ul. Powsta\u0144c\u00f3w \u015al\u0105skich znajduje si\u0119 obok Pa\u0144stwowa Szko\u0142a Muzyczna I i II st. im. Karola i Antoniego Szafrank\u00f3w w Rybniku<\/p>\n\n\n\n<div style=\"height:100px\" aria-hidden=\"true\" class=\"wp-block-spacer\"><\/div>\n\n\n\n<figure class=\"wp-block-image size-full\"><img loading=\"lazy\" decoding=\"async\" width=\"1024\" height=\"501\" src=\"https:\/\/aicon-fest.pl\/wp-content\/uploads\/2025\/01\/parking-obok-bazyliki-1024x501-1.jpg\" alt=\"\" class=\"wp-image-9396\" srcset=\"https:\/\/aicon-fest.pl\/wp-content\/uploads\/2025\/01\/parking-obok-bazyliki-1024x501-1.jpg 1024w, https:\/\/aicon-fest.pl\/wp-content\/uploads\/2025\/01\/parking-obok-bazyliki-1024x501-1-300x147.jpg 300w, https:\/\/aicon-fest.pl\/wp-content\/uploads\/2025\/01\/parking-obok-bazyliki-1024x501-1-768x376.jpg 768w\" sizes=\"auto, (max-width: 1024px) 100vw, 1024px\" \/><\/figure>\n\n\n\n<div style=\"height:52px\" aria-hidden=\"true\" class=\"wp-block-spacer\"><\/div>\n\n\n\n<figure class=\"wp-block-image size-full\"><img loading=\"lazy\" decoding=\"async\" width=\"1024\" height=\"687\" src=\"https:\/\/aicon-fest.pl\/wp-content\/uploads\/2025\/01\/mapa-parkingow-kosciuszki-i-powstanc-ow-1024x687-1.jpg\" alt=\"\" class=\"wp-image-9397\" srcset=\"https:\/\/aicon-fest.pl\/wp-content\/uploads\/2025\/01\/mapa-parkingow-kosciuszki-i-powstanc-ow-1024x687-1.jpg 1024w, https:\/\/aicon-fest.pl\/wp-content\/uploads\/2025\/01\/mapa-parkingow-kosciuszki-i-powstanc-ow-1024x687-1-300x201.jpg 300w, https:\/\/aicon-fest.pl\/wp-content\/uploads\/2025\/01\/mapa-parkingow-kosciuszki-i-powstanc-ow-1024x687-1-768x515.jpg 768w\" sizes=\"auto, (max-width: 1024px) 100vw, 1024px\" \/><\/figure>\n\n\n\n<div style=\"height:100px\" aria-hidden=\"true\" class=\"wp-block-spacer\"><\/div>\n\n\n\n<p><strong>Linki do parkingu<\/strong>:&nbsp;<a href=\"https:\/\/maps.app.goo.gl\/mceg839UTLrvXgzL9\">https:\/\/maps.app.goo.gl\/mceg839UTLrvXgzL9<\/a><\/p>\n\n\n\n<div style=\"height:100px\" aria-hidden=\"true\" class=\"wp-block-spacer\"><\/div>\n\n\n\n<p><strong>Na poni\u017cszej grafice znajdziecie cennik parking\u00f3w<\/strong><\/p>\n\n\n\n<div style=\"height:100px\" aria-hidden=\"true\" class=\"wp-block-spacer\"><\/div>\n\n\n\n<figure class=\"wp-block-image size-full\"><img loading=\"lazy\" decoding=\"async\" width=\"962\" height=\"567\" src=\"https:\/\/aicon-fest.pl\/wp-content\/uploads\/2025\/01\/cennik-parkingow-rybnik-.jpg\" alt=\"\" class=\"wp-image-9398\" srcset=\"https:\/\/aicon-fest.pl\/wp-content\/uploads\/2025\/01\/cennik-parkingow-rybnik-.jpg 962w, https:\/\/aicon-fest.pl\/wp-content\/uploads\/2025\/01\/cennik-parkingow-rybnik--300x177.jpg 300w, https:\/\/aicon-fest.pl\/wp-content\/uploads\/2025\/01\/cennik-parkingow-rybnik--768x453.jpg 768w\" sizes=\"auto, (max-width: 962px) 100vw, 962px\" \/><\/figure>\n\n\n\n<div style=\"height:100px\" aria-hidden=\"true\" class=\"wp-block-spacer\"><\/div>\n\n\n\n<p>Pod tym linkiem znajdziecie aktualne informacje o parkingach w Rybniku <a href=\"https:\/\/www.rybnik.eu\/dla-mieszkancow\/komunikacja-i-transport\/parkingi-miejskie\">https:\/\/www.rybnik.eu\/dla-mieszkancow\/komunikacja-i-transport\/parkingi-miejskie<\/a><\/p>\n\n\n\n<p><\/p>\n\n\n\n<div style=\"height:100px\" aria-hidden=\"true\" class=\"wp-block-spacer\"><\/div>\n\n\n\n<p class=\"has-text-align-center has-medium-font-size\"><strong>ORGANIZARORZY NIE ODPOWIADJA ZA \u0179LE ZAPARKOWANE POJAZDY!<\/strong><\/p>\n\n\n\n<div style=\"height:100px\" aria-hidden=\"true\" class=\"wp-block-spacer\"><\/div>\n\n\n\n<p>W Rybniku na ulicy Genera\u0142a J\u00f3zefa Hallera, 44-200 Rybnik znajduje si\u0119 <\/p>\n\n\n\n<div style=\"height:100px\" aria-hidden=\"true\" class=\"wp-block-spacer\"><\/div>\n\n\n\n<figure class=\"wp-block-image\"><img decoding=\"async\" src=\"https:\/\/www.rybnik.eu\/fileadmin\/_processed_\/1\/c\/csm_Mobilnosc_Parking_wielopoziomowy_przy_Hallera_5fdc4f1c76.jpg\" alt=\"Parking wielopoziomowy w Rybniku\"\/><\/figure>\n\n\n\n<div style=\"height:100px\" aria-hidden=\"true\" class=\"wp-block-spacer\"><\/div>\n\n\n\n<p><strong>Parking wielopoziomowy w Rybniku dos\u0142ownie 6 minut autem a pieszo  12min zajmuje doj\u015bcie do naszej szko\u0142y. <\/strong><\/p>\n\n\n\n<p><\/p>\n\n\n\n<p><strong>link do parkingu<\/strong>: <a href=\"https:\/\/maps.app.goo.gl\/MNNzmCvJkTep1bMx6\">https:\/\/maps.app.goo.gl\/MNNzmCvJkTep1bMx6<\/a><\/p>\n\n\n\n<div style=\"height:100px\" aria-hidden=\"true\" class=\"wp-block-spacer\"><\/div>\n\n\n\n<p><\/p>\n","protected":false},"excerpt":{"rendered":"<p>Z powodu remontu parkingu szkolnego NIE b\u0119dzie mo\u017cliwo\u015bci parkowania pod szko\u0142\u0105! Dla tego polecamy skorzysta\u0107 z parking\u00f3w miejskich kt\u00f3re si\u0119 znajduj\u0105 w okolicy szko\u0142y konwentowej Parking znajduj\u0105cy si\u0119 na przeciwko szko\u0142y konwentowej Parking nr 7 ul. Tadeusza Ko\u015bciuszki Linki do parkingu&nbsp;https:\/\/maps.app.goo.gl\/ecB7sMyA1zVQJ29x6 Drugi parking blisko szko\u0142y to Parking nr 7 ul. Powsta\u0144c\u00f3w \u015al\u0105skich znajduje si\u0119 obok<br \/><a href=\"https:\/\/aicon-fest.pl\/index.php\/informacje-parkingowe\/\" class=\"more\">Read more<\/a><\/p>\n","protected":false},"author":1,"featured_media":0,"parent":0,"menu_order":0,"comment_status":"closed","ping_status":"closed","template":"","meta":{"footnotes":""},"class_list":["post-9386","page","type-page","status-publish","hentry"],"_links":{"self":[{"href":"https:\/\/aicon-fest.pl\/index.php\/wp-json\/wp\/v2\/pages\/9386","targetHints":{"allow":["GET"]}}],"collection":[{"href":"https:\/\/aicon-fest.pl\/index.php\/wp-json\/wp\/v2\/pages"}],"about":[{"href":"https:\/\/aicon-fest.pl\/index.php\/wp-json\/wp\/v2\/types\/page"}],"author":[{"embeddable":true,"href":"https:\/\/aicon-fest.pl\/index.php\/wp-json\/wp\/v2\/users\/1"}],"replies":[{"embeddable":true,"href":"https:\/\/aicon-fest.pl\/index.php\/wp-json\/wp\/v2\/comments?post=9386"}],"version-history":[{"count":15,"href":"https:\/\/aicon-fest.pl\/index.php\/wp-json\/wp\/v2\/pages\/9386\/revisions"}],"predecessor-version":[{"id":9535,"href":"https:\/\/aicon-fest.pl\/index.php\/wp-json\/wp\/v2\/pages\/9386\/revisions\/9535"}],"wp:attachment":[{"href":"https:\/\/aicon-fest.pl\/index.php\/wp-json\/wp\/v2\/media?parent=9386"}],"curies":[{"name":"wp","href":"https:\/\/api.w.org\/{rel}","templated":true}]}}