{"id":9372,"date":"2025-01-19T21:30:12","date_gmt":"2025-01-19T21:30:12","guid":{"rendered":"https:\/\/aicon-fest.pl\/?page_id=9372"},"modified":"2025-03-18T12:51:00","modified_gmt":"2025-03-18T12:51:00","slug":"czas-i-miejsce","status":"publish","type":"page","link":"https:\/\/aicon-fest.pl\/index.php\/czas-i-miejsce\/","title":{"rendered":"Czas i miejsce"},"content":{"rendered":"\n<div style=\"height:100px\" aria-hidden=\"true\" class=\"wp-block-spacer\"><\/div>\n\n\n<div class=\"wp-block-image\">\n<figure class=\"aligncenter size-full\"><img loading=\"lazy\" decoding=\"async\" width=\"750\" height=\"421\" src=\"https:\/\/aicon-fest.pl\/wp-content\/uploads\/2025\/01\/tygiel-miniaturka.jpg\" alt=\"\" class=\"wp-image-9381\" srcset=\"https:\/\/aicon-fest.pl\/wp-content\/uploads\/2025\/01\/tygiel-miniaturka.jpg 750w, https:\/\/aicon-fest.pl\/wp-content\/uploads\/2025\/01\/tygiel-miniaturka-300x168.jpg 300w\" sizes=\"auto, (max-width: 750px) 100vw, 750px\" \/><\/figure><\/div>\n\n\n<div style=\"height:100px\" aria-hidden=\"true\" class=\"wp-block-spacer\"><\/div>\n\n\n\n<p class=\"has-text-align-center\"><strong>Aicon 2025&nbsp;<\/strong>odb\u0119dzie si\u0119 w dniach&nbsp;<strong>22-23 marca 2025 roku<\/strong><\/p>\n\n\n\n<p class=\"has-text-align-center\">Impreza zaczyna si\u0119 w sobot\u0119&nbsp;<strong>22&nbsp;<\/strong>marca o godzinie&nbsp;<strong>8:00<\/strong>&nbsp;i trwa nieprzerwanie <\/p>\n\n\n\n<p class=\"has-text-align-center\">do niedzieli\u00a0<strong>23<\/strong>\u00a0marca do godziny\u00a0<strong>14:00<\/strong>.<\/p>\n\n\n\n<p class=\"has-text-align-center\">Miejscem imprezy b\u0119dzie&nbsp;<a href=\"https:\/\/www.zstrybnik.pl\/\">Zesp\u00f3\u0142 Szk\u00f3\u0142 Technicznych w Rybniku<\/a><\/p>\n\n\n\n<div style=\"height:100px\" aria-hidden=\"true\" class=\"wp-block-spacer\"><\/div>\n","protected":false},"excerpt":{"rendered":"<p>Aicon 2025&nbsp;odb\u0119dzie si\u0119 w dniach&nbsp;22-23 marca 2025 roku Impreza zaczyna si\u0119 w sobot\u0119&nbsp;22&nbsp;marca o godzinie&nbsp;8:00&nbsp;i trwa nieprzerwanie do niedzieli\u00a023\u00a0marca do godziny\u00a014:00. Miejscem imprezy b\u0119dzie&nbsp;Zesp\u00f3\u0142 Szk\u00f3\u0142 Technicznych w Rybniku<br \/><a href=\"https:\/\/aicon-fest.pl\/index.php\/czas-i-miejsce\/\" class=\"more\">Read more<\/a><\/p>\n","protected":false},"author":1,"featured_media":0,"parent":0,"menu_order":0,"comment_status":"closed","ping_status":"closed","template":"","meta":{"footnotes":""},"class_list":["post-9372","page","type-page","status-publish","hentry"],"_links":{"self":[{"href":"https:\/\/aicon-fest.pl\/index.php\/wp-json\/wp\/v2\/pages\/9372","targetHints":{"allow":["GET"]}}],"collection":[{"href":"https:\/\/aicon-fest.pl\/index.php\/wp-json\/wp\/v2\/pages"}],"about":[{"href":"https:\/\/aicon-fest.pl\/index.php\/wp-json\/wp\/v2\/types\/page"}],"author":[{"embeddable":true,"href":"https:\/\/aicon-fest.pl\/index.php\/wp-json\/wp\/v2\/users\/1"}],"replies":[{"embeddable":true,"href":"https:\/\/aicon-fest.pl\/index.php\/wp-json\/wp\/v2\/comments?post=9372"}],"version-history":[{"count":6,"href":"https:\/\/aicon-fest.pl\/index.php\/wp-json\/wp\/v2\/pages\/9372\/revisions"}],"predecessor-version":[{"id":9811,"href":"https:\/\/aicon-fest.pl\/index.php\/wp-json\/wp\/v2\/pages\/9372\/revisions\/9811"}],"wp:attachment":[{"href":"https:\/\/aicon-fest.pl\/index.php\/wp-json\/wp\/v2\/media?parent=9372"}],"curies":[{"name":"wp","href":"https:\/\/api.w.org\/{rel}","templated":true}]}}