{"id":9314,"date":"2025-01-19T20:03:49","date_gmt":"2025-01-19T20:03:49","guid":{"rendered":"https:\/\/aicon-fest.pl\/?page_id=9314"},"modified":"2025-01-19T20:24:44","modified_gmt":"2025-01-19T20:24:44","slug":"media","status":"publish","type":"page","link":"https:\/\/aicon-fest.pl\/index.php\/media\/","title":{"rendered":"Media"},"content":{"rendered":"\n<div style=\"height:100px\" aria-hidden=\"true\" class=\"wp-block-spacer\"><\/div>\n\n\n\n<div class=\"wp-block-media-text is-stacked-on-mobile\"><figure class=\"wp-block-media-text__media\"><img loading=\"lazy\" decoding=\"async\" width=\"570\" height=\"570\" src=\"https:\/\/aicon-fest.pl\/wp-content\/uploads\/2025\/01\/photographer-1-570x570.png\" alt=\"\" class=\"wp-image-9319 size-staff_tn\" srcset=\"https:\/\/aicon-fest.pl\/wp-content\/uploads\/2025\/01\/photographer-1-570x570.png 570w, https:\/\/aicon-fest.pl\/wp-content\/uploads\/2025\/01\/photographer-1-300x300.png 300w, https:\/\/aicon-fest.pl\/wp-content\/uploads\/2025\/01\/photographer-1-150x150.png 150w, https:\/\/aicon-fest.pl\/wp-content\/uploads\/2025\/01\/photographer-1-768x768.png 768w, https:\/\/aicon-fest.pl\/wp-content\/uploads\/2025\/01\/photographer-1.png 512w\" sizes=\"auto, (max-width: 570px) 100vw, 570px\" \/><\/figure><div class=\"wp-block-media-text__content\">\n<p>Robisz profesjonalne zdj\u0119cia lub dopiero zaczynasz? Mo\u017ce kr\u0119cisz filmiki na YouTube czy TikToka, a mo\u017ce piszesz bloga, w kt\u00f3rym chcia\u0142by\u015b opisa\u0107 nasz\u0105 imprez\u0119? <img loading=\"lazy\" decoding=\"async\" height=\"16\" width=\"16\" alt=\"\ud83d\udcf8\" src=\"https:\/\/static.xx.fbcdn.net\/images\/emoji.php\/v9\/tde\/1\/16\/1f4f8.png\"><\/p>\n\n\n\n<p class=\"has-text-align-left\">Wobec tego ju\u017c dzi\u015b masz okazj\u0119 zg\u0142osi\u0107 si\u0119 jako media na tegoroczny Aicon! <img loading=\"lazy\" decoding=\"async\" height=\"16\" width=\"16\" alt=\"\ud83d\ude01\" src=\"https:\/\/static.xx.fbcdn.net\/images\/emoji.php\/v9\/t4f\/1\/16\/1f601.png\"><\/p>\n\n\n\n<div class=\"wp-block-buttons is-content-justification-center is-layout-flex wp-container-core-buttons-is-layout-1 wp-block-buttons-is-layout-flex\">\n<div class=\"wp-block-button is-style-outline is-style-outline--1\"><a class=\"wp-block-button__link wp-element-button\" href=\"https:\/\/aicon-fest.pl\/index.php\/regulamin-mediow\/\">Regulamin<\/a><\/div>\n\n\n\n<div class=\"wp-block-button is-style-fill\"><a class=\"wp-block-button__link wp-element-button\" href=\"https:\/\/docs.google.com\/forms\/d\/1i12ZgV9I1gblceVpkKaS3qTdd2wuZ347WBziT5KZB-o\/preview\">Zg\u0142o\u015b si\u0119 <\/a><\/div>\n<\/div>\n<\/div><\/div>\n\n\n\n<div style=\"height:100px\" aria-hidden=\"true\" class=\"wp-block-spacer\"><\/div>\n","protected":false},"excerpt":{"rendered":"<p>Robisz profesjonalne zdj\u0119cia lub dopiero zaczynasz? Mo\u017ce kr\u0119cisz filmiki na YouTube czy TikToka, a mo\u017ce piszesz bloga, w kt\u00f3rym chcia\u0142by\u015b opisa\u0107 nasz\u0105 imprez\u0119? Wobec tego ju\u017c dzi\u015b masz okazj\u0119 zg\u0142osi\u0107 si\u0119 jako media na tegoroczny Aicon! Regulamin Zg\u0142o\u015b si\u0119<br \/><a href=\"https:\/\/aicon-fest.pl\/index.php\/media\/\" class=\"more\">Read more<\/a><\/p>\n","protected":false},"author":1,"featured_media":0,"parent":0,"menu_order":0,"comment_status":"closed","ping_status":"closed","template":"","meta":{"footnotes":""},"class_list":["post-9314","page","type-page","status-publish","hentry"],"_links":{"self":[{"href":"https:\/\/aicon-fest.pl\/index.php\/wp-json\/wp\/v2\/pages\/9314","targetHints":{"allow":["GET"]}}],"collection":[{"href":"https:\/\/aicon-fest.pl\/index.php\/wp-json\/wp\/v2\/pages"}],"about":[{"href":"https:\/\/aicon-fest.pl\/index.php\/wp-json\/wp\/v2\/types\/page"}],"author":[{"embeddable":true,"href":"https:\/\/aicon-fest.pl\/index.php\/wp-json\/wp\/v2\/users\/1"}],"replies":[{"embeddable":true,"href":"https:\/\/aicon-fest.pl\/index.php\/wp-json\/wp\/v2\/comments?post=9314"}],"version-history":[{"count":5,"href":"https:\/\/aicon-fest.pl\/index.php\/wp-json\/wp\/v2\/pages\/9314\/revisions"}],"predecessor-version":[{"id":9326,"href":"https:\/\/aicon-fest.pl\/index.php\/wp-json\/wp\/v2\/pages\/9314\/revisions\/9326"}],"wp:attachment":[{"href":"https:\/\/aicon-fest.pl\/index.php\/wp-json\/wp\/v2\/media?parent=9314"}],"curies":[{"name":"wp","href":"https:\/\/api.w.org\/{rel}","templated":true}]}}