{"id":9154,"date":"2025-01-13T17:50:50","date_gmt":"2025-01-13T17:50:50","guid":{"rendered":"https:\/\/aicon-fest.pl\/?page_id=9154"},"modified":"2025-01-19T22:29:57","modified_gmt":"2025-01-19T22:29:57","slug":"bilety-2","status":"publish","type":"page","link":"https:\/\/aicon-fest.pl\/index.php\/bilety-2\/","title":{"rendered":"BILETY"},"content":{"rendered":"\n<div style=\"height:100px\" aria-hidden=\"true\" class=\"wp-block-spacer\"><\/div>\n\n\n\n<figure class=\"wp-block-gallery aligncenter has-nested-images columns-default is-cropped wp-block-gallery-1 is-layout-flex wp-block-gallery-is-layout-flex\">\n<figure class=\"wp-block-image size-full\"><img loading=\"lazy\" decoding=\"async\" width=\"1403\" height=\"992\" data-id=\"9430\" src=\"https:\/\/aicon-fest.pl\/wp-content\/uploads\/2025\/01\/bilety-cennik-na-strone-2.png\" alt=\"\" class=\"wp-image-9430\" srcset=\"https:\/\/aicon-fest.pl\/wp-content\/uploads\/2025\/01\/bilety-cennik-na-strone-2.png 1403w, https:\/\/aicon-fest.pl\/wp-content\/uploads\/2025\/01\/bilety-cennik-na-strone-2-300x212.png 300w, https:\/\/aicon-fest.pl\/wp-content\/uploads\/2025\/01\/bilety-cennik-na-strone-2-1024x724.png 1024w, https:\/\/aicon-fest.pl\/wp-content\/uploads\/2025\/01\/bilety-cennik-na-strone-2-768x543.png 768w\" sizes=\"auto, (max-width: 1403px) 100vw, 1403px\" \/><\/figure>\n<\/figure>\n\n\n\n<div style=\"height:100px\" aria-hidden=\"true\" class=\"wp-block-spacer\"><\/div>\n\n\n\n<p><strong>Ceny bilet\u00f3w w przedsprzeda\u017cy wygl\u0105daj\u0105 nast\u0119puj\u0105co:<\/strong><\/p>\n\n\n\n<div style=\"height:0px\" aria-hidden=\"true\" class=\"wp-block-spacer\"><\/div>\n\n\n\n<p><br>\u2b50 1 tura \u2606 stycze\u0144 1-31 \u2013 \ud835\udff4\ud835\udfec \ud835\ude07\u0142<br>\u2b50 2 tura \u2606 luty 1-28 \u2013 \ud835\udfed\ud835\udfec\ud835\udfec \ud835\ude07\u0142<br>\u2b50 3 tura \u2606 marzec 1-22 \u2013 \ud835\udfed\ud835\udfee\ud835\udfec \ud835\ude07\u0142<\/p>\n\n\n\n<p>\ud835\uddd6\ud835\uddf2\ud835\uddfb\ud835\ude06 \ud835\uddef\ud835\uddf6\ud835\uddf9\ud835\uddf2\ud835\ude01\u00f3\ud835\ude04 \ud835\uddf1\ud835\uddfc \ud835\uddf8\ud835\ude02\ud835\uddfd\ud835\uddf6\ud835\uddf2\ud835\uddfb\ud835\uddf6\ud835\uddee \ud835\uddfb\ud835\uddee \ud835\uddfa\ud835\uddf6\ud835\uddf2\ud835\uddf7\ud835\ude00\ud835\uddf0\ud835\ude02:<br>\u2b50 2 dni&nbsp;<strong>150<\/strong><br>\u2b50 Sobota&nbsp;<strong>100<\/strong><br>\u2b50 Niedziela&nbsp;<strong>50<\/strong><\/p>\n\n\n\n<p>\ud83e\udd29\ud835\uddd5\ud835\uddf6\ud835\uddf9\ud835\uddf2\ud835\ude01\ud835\ude06 \ud835\udde9\ud835\udddc\ud835\udde3 \ud835\uddf1\ud835\uddfc \ud835\uddf8\ud835\ude02\ud835\uddfd\ud835\uddf6\ud835\uddf2\ud835\uddfb\ud835\uddf6\ud835\uddee !!! \ud835\udfed\ud835\udfec lutego!!! b\u0119d\u0105 \ud835\ude04 \ud835\uddf1\ud835\ude04\u00f3\ud835\uddf0\ud835\uddf5 \ud835\ude04\ud835\uddf2\ud835\uddff\ud835\ude00\ud835\uddf7\ud835\uddee\ud835\uddf0\ud835\uddf5:<\/p>\n\n\n\n<p>\u2b50\u2b50\u2b50 Bilet VIP GOLD 300 \ud835\ude07\u0142 gad\u017cetami \u2b50\u2b50\u2b50<\/p>\n\n\n\n<p>\ud83c\udf15\ud83c\udf15\ud83c\udf15 VIP SILVER \ud835\udfee\ud835\udfec\ud835\udfec \ud835\ude07\u0142 bez gad\u017cet\u00f3w \ud83c\udf15\ud83c\udf15\ud83c\udf15<\/p>\n\n\n\n<p>Reszt\u0119 informacji o biletach VIP podamy ju\u017c niebawem.<\/p>\n\n\n\n<div style=\"height:100px\" aria-hidden=\"true\" class=\"wp-block-spacer\"><\/div>\n\n\n\n<div class=\"wp-block-buttons is-horizontal is-content-justification-center is-layout-flex wp-container-core-buttons-is-layout-1 wp-block-buttons-is-layout-flex\">\n<div class=\"wp-block-button has-custom-width wp-block-button__width-50 has-custom-font-size is-style-fill has-medium-font-size\"><a class=\"wp-block-button__link has-pale-pink-background-color has-background wp-element-button\" href=\"https:\/\/tubilet.online\/aicon\/\"><mark style=\"background-color:rgba(0, 0, 0, 0)\" class=\"has-inline-color has-black-color\"><strong>KUP BILET<\/strong> <\/mark><\/a><\/div>\n<\/div>\n\n\n\n<div style=\"height:100px\" aria-hidden=\"true\" class=\"wp-block-spacer\"><\/div>\n\n\n\n<p><\/p>\n","protected":false},"excerpt":{"rendered":"<p>Ceny bilet\u00f3w w przedsprzeda\u017cy wygl\u0105daj\u0105 nast\u0119puj\u0105co: \u2b50 1 tura \u2606 stycze\u0144 1-31 \u2013 \ud835\udff4\ud835\udfec \ud835\ude07\u0142\u2b50 2 tura \u2606 luty 1-28 \u2013 \ud835\udfed\ud835\udfec\ud835\udfec \ud835\ude07\u0142\u2b50 3 tura \u2606 marzec 1-22 \u2013 \ud835\udfed\ud835\udfee\ud835\udfec \ud835\ude07\u0142 \ud835\uddd6\ud835\uddf2\ud835\uddfb\ud835\ude06 \ud835\uddef\ud835\uddf6\ud835\uddf9\ud835\uddf2\ud835\ude01\u00f3\ud835\ude04 \ud835\uddf1\ud835\uddfc \ud835\uddf8\ud835\ude02\ud835\uddfd\ud835\uddf6\ud835\uddf2\ud835\uddfb\ud835\uddf6\ud835\uddee \ud835\uddfb\ud835\uddee \ud835\uddfa\ud835\uddf6\ud835\uddf2\ud835\uddf7\ud835\ude00\ud835\uddf0\ud835\ude02:\u2b50 2 dni&nbsp;150\u2b50 Sobota&nbsp;100\u2b50 Niedziela&nbsp;50 \ud83e\udd29\ud835\uddd5\ud835\uddf6\ud835\uddf9\ud835\uddf2\ud835\ude01\ud835\ude06 \ud835\udde9\ud835\udddc\ud835\udde3 \ud835\uddf1\ud835\uddfc \ud835\uddf8\ud835\ude02\ud835\uddfd\ud835\uddf6\ud835\uddf2\ud835\uddfb\ud835\uddf6\ud835\uddee !!! \ud835\udfed\ud835\udfec lutego!!! b\u0119d\u0105 \ud835\ude04 \ud835\uddf1\ud835\ude04\u00f3\ud835\uddf0\ud835\uddf5 \ud835\ude04\ud835\uddf2\ud835\uddff\ud835\ude00\ud835\uddf7\ud835\uddee\ud835\uddf0\ud835\uddf5: \u2b50\u2b50\u2b50 Bilet VIP<br \/><a href=\"https:\/\/aicon-fest.pl\/index.php\/bilety-2\/\" class=\"more\">Read more<\/a><\/p>\n","protected":false},"author":1,"featured_media":0,"parent":0,"menu_order":0,"comment_status":"closed","ping_status":"closed","template":"","meta":{"footnotes":""},"class_list":["post-9154","page","type-page","status-publish","hentry"],"_links":{"self":[{"href":"https:\/\/aicon-fest.pl\/index.php\/wp-json\/wp\/v2\/pages\/9154","targetHints":{"allow":["GET"]}}],"collection":[{"href":"https:\/\/aicon-fest.pl\/index.php\/wp-json\/wp\/v2\/pages"}],"about":[{"href":"https:\/\/aicon-fest.pl\/index.php\/wp-json\/wp\/v2\/types\/page"}],"author":[{"embeddable":true,"href":"https:\/\/aicon-fest.pl\/index.php\/wp-json\/wp\/v2\/users\/1"}],"replies":[{"embeddable":true,"href":"https:\/\/aicon-fest.pl\/index.php\/wp-json\/wp\/v2\/comments?post=9154"}],"version-history":[{"count":17,"href":"https:\/\/aicon-fest.pl\/index.php\/wp-json\/wp\/v2\/pages\/9154\/revisions"}],"predecessor-version":[{"id":9431,"href":"https:\/\/aicon-fest.pl\/index.php\/wp-json\/wp\/v2\/pages\/9154\/revisions\/9431"}],"wp:attachment":[{"href":"https:\/\/aicon-fest.pl\/index.php\/wp-json\/wp\/v2\/media?parent=9154"}],"curies":[{"name":"wp","href":"https:\/\/api.w.org\/{rel}","templated":true}]}}