{"id":9142,"date":"2025-01-13T17:40:06","date_gmt":"2025-01-13T17:40:06","guid":{"rendered":"https:\/\/aicon-fest.pl\/?page_id=9142"},"modified":"2025-01-22T00:34:37","modified_gmt":"2025-01-22T00:34:37","slug":"helperzy","status":"publish","type":"page","link":"https:\/\/aicon-fest.pl\/index.php\/helperzy\/","title":{"rendered":"Helperzy"},"content":{"rendered":"\n<div style=\"height:100px\" aria-hidden=\"true\" class=\"wp-block-spacer\"><\/div>\n\n\n<div class=\"wp-block-image is-style-rounded\">\n<figure class=\"aligncenter size-large is-resized\"><img loading=\"lazy\" decoding=\"async\" width=\"1024\" height=\"682\" src=\"https:\/\/aicon-fest.pl\/wp-content\/uploads\/2025\/01\/338854464_6561071887272978_4069576221672365263_n-1024x682.jpg\" alt=\"\" class=\"wp-image-9356\" style=\"width:701px;height:auto\" srcset=\"https:\/\/aicon-fest.pl\/wp-content\/uploads\/2025\/01\/338854464_6561071887272978_4069576221672365263_n-1024x682.jpg 1024w, https:\/\/aicon-fest.pl\/wp-content\/uploads\/2025\/01\/338854464_6561071887272978_4069576221672365263_n-300x200.jpg 300w, https:\/\/aicon-fest.pl\/wp-content\/uploads\/2025\/01\/338854464_6561071887272978_4069576221672365263_n-768x511.jpg 768w, https:\/\/aicon-fest.pl\/wp-content\/uploads\/2025\/01\/338854464_6561071887272978_4069576221672365263_n-1536x1022.jpg 1536w, https:\/\/aicon-fest.pl\/wp-content\/uploads\/2025\/01\/338854464_6561071887272978_4069576221672365263_n.jpg 2048w\" sizes=\"auto, (max-width: 1024px) 100vw, 1024px\" \/><\/figure><\/div>\n\n\n<div style=\"height:100px\" aria-hidden=\"true\" class=\"wp-block-spacer\"><\/div>\n\n\n\n<h3 class=\"wp-block-heading\">Zosta\u0144 Wolontariuszem i zosta\u0144 cz\u0142onkiem ekipy Tsuru!<\/h3>\n\n\n\n<p>Czy kiedykolwiek marzy\u0142e\u015b o tym, aby zrobi\u0107 co\u015b wyj\u0105tkowego? Do\u0142\u0105cz do nas jako wolontariusz na nadchodz\u0105c\u0105 imprez\u0119!<\/p>\n\n\n\n<ul class=\"wp-block-list\">\n<li><strong>Pomagaj innym<\/strong>: Twoje wsparcie mo\u017ce zmieni\u0107 \u017cycie ludzi w potrzebie.<\/li>\n\n\n\n<li><strong>Nawi\u0105zuj nowe znajomo\u015bci<\/strong>: Spotkasz wspania\u0142ych ludzi, kt\u00f3rzy dziel\u0105 Twoje pasje.<\/li>\n\n\n\n<li><strong>Zdob\u0105d\u017a do\u015bwiadczenie<\/strong>: Praktyczne umiej\u0119tno\u015bci zdobyte podczas imprezy mog\u0105 by\u0107 przydatne w przysz\u0142o\u015bci.<\/li>\n\n\n\n<li><strong>Czuj si\u0119 spe\u0142niony<\/strong>: Dzia\u0142aj\u0105c na rzecz innych, poczujesz rado\u015b\u0107 i satysfakcj\u0119 z pomocy.<\/li>\n<\/ul>\n\n\n\n<p>Nie czekaj! Zg\u0142o\u015b si\u0119 ju\u017c dzi\u015b i sta\u0144 si\u0119 cz\u0119\u015bci\u0105 czego\u015b wi\u0119kszego! Razem mo\u017cemy zrealizowa\u0107 niesamowite rzeczy! \ud83c\udf1f<\/p>\n\n\n\n<p class=\"has-medium-font-size\"><strong>Zostaj\u0105c helperem, zyskacie:<br>\ud83d\udc97 Mo\u017cliwo\u015b\u0107 korzystania z konwentowych atrakcji.<br>\ud83d\udc9d Dy\u017cury dopasowane do Waszych potrzeb.<br>\ud83d\udc96 Pakiet gad\u017cet\u00f3w konwentowych.<br>\ud83d\udc98 Koszulk\u0119 helpera na pami\u0105tk\u0119.<br>\ud83d\udc93 Dedykowany sleeproom dla helper\u00f3w.<br>\ud83d\udc93 Wy\u017cywienie.<br>\ud83e\udd0d Za\u015bwiadczenie o wolontariacie.<\/strong><\/p>\n\n\n\n<div style=\"height:100px\" aria-hidden=\"true\" class=\"wp-block-spacer\"><\/div>\n\n\n\n<div class=\"wp-block-buttons is-layout-flex wp-block-buttons-is-layout-flex\">\n<div class=\"wp-block-button has-custom-width wp-block-button__width-50 is-style-outline is-style-outline--1\"><a class=\"wp-block-button__link wp-element-button\" href=\"https:\/\/docs.google.com\/forms\/d\/1aSIiE4H81hjVdO3-UNGMLhMPPqSX4MQz6ZBJDvNsiQE\/preview\">Zg\u0142o\u015b si\u0119 na Helpera <\/a><\/div>\n\n\n\n<div class=\"wp-block-button has-custom-width wp-block-button__width-50 is-style-fill\"><a class=\"wp-block-button__link wp-element-button\" href=\"https:\/\/aicon-fest.pl\/index.php\/regulamin-helperow\/\">Regulamin Helper\u00f3w<\/a><\/div>\n<\/div>\n\n\n\n<div style=\"height:100px\" aria-hidden=\"true\" class=\"wp-block-spacer\"><\/div>\n","protected":false},"excerpt":{"rendered":"<p>Zosta\u0144 Wolontariuszem i zosta\u0144 cz\u0142onkiem ekipy Tsuru! Czy kiedykolwiek marzy\u0142e\u015b o tym, aby zrobi\u0107 co\u015b wyj\u0105tkowego? Do\u0142\u0105cz do nas jako wolontariusz na nadchodz\u0105c\u0105 imprez\u0119! Pomagaj innym: Twoje wsparcie mo\u017ce zmieni\u0107 \u017cycie ludzi w potrzebie. Nawi\u0105zuj nowe znajomo\u015bci: Spotkasz wspania\u0142ych ludzi, kt\u00f3rzy dziel\u0105 Twoje pasje. Zdob\u0105d\u017a do\u015bwiadczenie: Praktyczne umiej\u0119tno\u015bci zdobyte podczas imprezy mog\u0105 by\u0107 przydatne w<br \/><a href=\"https:\/\/aicon-fest.pl\/index.php\/helperzy\/\" class=\"more\">Read more<\/a><\/p>\n","protected":false},"author":1,"featured_media":0,"parent":0,"menu_order":0,"comment_status":"closed","ping_status":"closed","template":"","meta":{"footnotes":""},"class_list":["post-9142","page","type-page","status-publish","hentry"],"_links":{"self":[{"href":"https:\/\/aicon-fest.pl\/index.php\/wp-json\/wp\/v2\/pages\/9142","targetHints":{"allow":["GET"]}}],"collection":[{"href":"https:\/\/aicon-fest.pl\/index.php\/wp-json\/wp\/v2\/pages"}],"about":[{"href":"https:\/\/aicon-fest.pl\/index.php\/wp-json\/wp\/v2\/types\/page"}],"author":[{"embeddable":true,"href":"https:\/\/aicon-fest.pl\/index.php\/wp-json\/wp\/v2\/users\/1"}],"replies":[{"embeddable":true,"href":"https:\/\/aicon-fest.pl\/index.php\/wp-json\/wp\/v2\/comments?post=9142"}],"version-history":[{"count":6,"href":"https:\/\/aicon-fest.pl\/index.php\/wp-json\/wp\/v2\/pages\/9142\/revisions"}],"predecessor-version":[{"id":9460,"href":"https:\/\/aicon-fest.pl\/index.php\/wp-json\/wp\/v2\/pages\/9142\/revisions\/9460"}],"wp:attachment":[{"href":"https:\/\/aicon-fest.pl\/index.php\/wp-json\/wp\/v2\/media?parent=9142"}],"curies":[{"name":"wp","href":"https:\/\/api.w.org\/{rel}","templated":true}]}}