{"id":9138,"date":"2025-01-13T17:40:06","date_gmt":"2025-01-13T17:40:06","guid":{"rendered":"https:\/\/aicon-fest.pl\/?page_id=9138"},"modified":"2025-02-03T18:38:35","modified_gmt":"2025-02-03T18:38:35","slug":"zgloszenia-2","status":"publish","type":"page","link":"https:\/\/aicon-fest.pl\/index.php\/zgloszenia-2\/","title":{"rendered":"Zg\u0142oszenia"},"content":{"rendered":"\n<div style=\"height:100px\" aria-hidden=\"true\" class=\"wp-block-spacer\"><\/div>\n\n\n\n<p class=\"has-text-align-center has-medium-font-size\"><strong>WYSTAWCY <\/strong><\/p>\n\n\n\n<div style=\"height:100px\" aria-hidden=\"true\" class=\"wp-block-spacer\"><\/div>\n\n\n\n<div class=\"wp-block-media-text is-stacked-on-mobile\" style=\"grid-template-columns:23% auto\"><figure class=\"wp-block-media-text__media\"><img loading=\"lazy\" decoding=\"async\" width=\"512\" height=\"512\" src=\"https:\/\/aicon-fest.pl\/wp-content\/uploads\/2025\/01\/seller-1.png\" alt=\"\" class=\"wp-image-9289 size-full\" srcset=\"https:\/\/aicon-fest.pl\/wp-content\/uploads\/2025\/01\/seller-1.png 512w, https:\/\/aicon-fest.pl\/wp-content\/uploads\/2025\/01\/seller-1-300x300.png 300w, https:\/\/aicon-fest.pl\/wp-content\/uploads\/2025\/01\/seller-1-150x150.png 150w, https:\/\/aicon-fest.pl\/wp-content\/uploads\/2025\/01\/seller-1-768x768.png 768w, https:\/\/aicon-fest.pl\/wp-content\/uploads\/2025\/01\/seller-1-570x570.png 570w\" sizes=\"auto, (max-width: 512px) 100vw, 512px\" \/><\/figure><div class=\"wp-block-media-text__content\">\n<div class=\"wp-block-buttons is-layout-flex wp-block-buttons-is-layout-flex\">\n<div class=\"wp-block-button is-style-outline is-style-outline--1\"><a class=\"wp-block-button__link wp-element-button\" href=\"https:\/\/docs.google.com\/forms\/d\/e\/1FAIpQLSeBeOFW9kNC6VQ5QoRsHnqv71PwBe34rY0O9jqLEIywMrpdHw\/viewform\">ZG\u0141O\u015a SI\u0118<\/a><\/div>\n\n\n\n<div class=\"wp-block-button\"><a class=\"wp-block-button__link wp-element-button\" href=\"https:\/\/aicon-fest.pl\/index.php\/regulamin-wystawcow\/\">REGULAMIN<\/a><\/div>\n<\/div>\n<\/div><\/div>\n\n\n\n<hr class=\"wp-block-separator has-alpha-channel-opacity\"\/>\n\n\n\n<div style=\"height:100px\" aria-hidden=\"true\" class=\"wp-block-spacer\"><\/div>\n\n\n\n<p class=\"has-text-align-center has-medium-font-size\"><strong>ATRAKCJE <\/strong><\/p>\n\n\n\n<div style=\"height:100px\" aria-hidden=\"true\" class=\"wp-block-spacer\"><\/div>\n\n\n\n<div class=\"wp-block-media-text is-stacked-on-mobile\" style=\"grid-template-columns:23% auto\"><figure class=\"wp-block-media-text__media\"><img loading=\"lazy\" decoding=\"async\" width=\"512\" height=\"512\" src=\"https:\/\/aicon-fest.pl\/wp-content\/uploads\/2025\/01\/education.png\" alt=\"\" class=\"wp-image-9296 size-full\" srcset=\"https:\/\/aicon-fest.pl\/wp-content\/uploads\/2025\/01\/education.png 512w, https:\/\/aicon-fest.pl\/wp-content\/uploads\/2025\/01\/education-300x300.png 300w, https:\/\/aicon-fest.pl\/wp-content\/uploads\/2025\/01\/education-150x150.png 150w, https:\/\/aicon-fest.pl\/wp-content\/uploads\/2025\/01\/education-768x768.png 768w, https:\/\/aicon-fest.pl\/wp-content\/uploads\/2025\/01\/education-570x570.png 570w\" sizes=\"auto, (max-width: 512px) 100vw, 512px\" \/><\/figure><div class=\"wp-block-media-text__content\">\n<div class=\"wp-block-buttons is-layout-flex wp-block-buttons-is-layout-flex\">\n<div class=\"wp-block-button is-style-outline is-style-outline--2\"><a class=\"wp-block-button__link wp-element-button\" href=\"https:\/\/docs.google.com\/forms\/d\/e\/1FAIpQLSd-s7VXQh0c5MtvXMM81IqjS66oluaSceDSzA939lJsjGMv7w\/viewform\">ZG\u0141O\u015a SI\u0118<\/a><\/div>\n\n\n\n<div class=\"wp-block-button\"><a class=\"wp-block-button__link wp-element-button\" href=\"https:\/\/aicon-fest.pl\/index.php\/regulamin-tworcow-atrakcji\/\">REGULAMIN<\/a><\/div>\n<\/div>\n<\/div><\/div>\n\n\n\n<hr class=\"wp-block-separator has-alpha-channel-opacity\"\/>\n\n\n\n<div style=\"height:100px\" aria-hidden=\"true\" class=\"wp-block-spacer\"><\/div>\n\n\n\n<p class=\"has-text-align-center has-medium-font-size\"><strong>HELPERZY <\/strong><\/p>\n\n\n\n<div style=\"height:100px\" aria-hidden=\"true\" class=\"wp-block-spacer\"><\/div>\n\n\n\n<div class=\"wp-block-media-text is-stacked-on-mobile\" style=\"grid-template-columns:23% auto\"><figure class=\"wp-block-media-text__media\"><img loading=\"lazy\" decoding=\"async\" width=\"512\" height=\"512\" src=\"https:\/\/aicon-fest.pl\/wp-content\/uploads\/2025\/01\/charity.png\" alt=\"\" class=\"wp-image-9298 size-full\" srcset=\"https:\/\/aicon-fest.pl\/wp-content\/uploads\/2025\/01\/charity.png 512w, https:\/\/aicon-fest.pl\/wp-content\/uploads\/2025\/01\/charity-300x300.png 300w, https:\/\/aicon-fest.pl\/wp-content\/uploads\/2025\/01\/charity-150x150.png 150w, https:\/\/aicon-fest.pl\/wp-content\/uploads\/2025\/01\/charity-768x768.png 768w, https:\/\/aicon-fest.pl\/wp-content\/uploads\/2025\/01\/charity-570x570.png 570w\" sizes=\"auto, (max-width: 512px) 100vw, 512px\" \/><\/figure><div class=\"wp-block-media-text__content\">\n<div class=\"wp-block-buttons is-layout-flex wp-block-buttons-is-layout-flex\">\n<div class=\"wp-block-button is-style-outline is-style-outline--3\"><a class=\"wp-block-button__link wp-element-button\" href=\"https:\/\/docs.google.com\/forms\/d\/1aSIiE4H81hjVdO3-UNGMLhMPPqSX4MQz6ZBJDvNsiQE\/preview\">ZG\u0141O\u015a SI\u0118<\/a><\/div>\n\n\n\n<div class=\"wp-block-button\"><a class=\"wp-block-button__link wp-element-button\" href=\"https:\/\/aicon-fest.pl\/index.php\/regulamin-helperow\/\">REGULAMIN<\/a><\/div>\n<\/div>\n<\/div><\/div>\n\n\n\n<hr class=\"wp-block-separator has-alpha-channel-opacity\"\/>\n\n\n\n<div style=\"height:100px\" aria-hidden=\"true\" class=\"wp-block-spacer\"><\/div>\n\n\n\n<p class=\"has-text-align-center has-medium-font-size\"><strong>Konkurs cosplay<\/strong><\/p>\n\n\n\n<div style=\"height:100px\" aria-hidden=\"true\" class=\"wp-block-spacer\"><\/div>\n\n\n\n<div class=\"wp-block-media-text is-stacked-on-mobile\" style=\"grid-template-columns:23% auto\"><figure class=\"wp-block-media-text__media\"><img loading=\"lazy\" decoding=\"async\" width=\"512\" height=\"512\" src=\"https:\/\/aicon-fest.pl\/wp-content\/uploads\/2025\/01\/cosplayer.png\" alt=\"\" class=\"wp-image-9304 size-full\" srcset=\"https:\/\/aicon-fest.pl\/wp-content\/uploads\/2025\/01\/cosplayer.png 512w, https:\/\/aicon-fest.pl\/wp-content\/uploads\/2025\/01\/cosplayer-300x300.png 300w, https:\/\/aicon-fest.pl\/wp-content\/uploads\/2025\/01\/cosplayer-150x150.png 150w, https:\/\/aicon-fest.pl\/wp-content\/uploads\/2025\/01\/cosplayer-768x768.png 768w, https:\/\/aicon-fest.pl\/wp-content\/uploads\/2025\/01\/cosplayer-570x570.png 570w\" sizes=\"auto, (max-width: 512px) 100vw, 512px\" \/><\/figure><div class=\"wp-block-media-text__content\">\n<div class=\"wp-block-buttons is-content-justification-center is-layout-flex wp-container-core-buttons-is-layout-4 wp-block-buttons-is-layout-flex\">\n<div class=\"wp-block-button is-style-outline is-style-outline--4\"><a class=\"wp-block-button__link wp-element-button\" href=\"https:\/\/docs.google.com\/forms\/d\/1hBqDCakmoT1Y5rCPbx0QhWqjgqd_97VzZF2ZEChY4-A\/preview\">ZG\u0141O\u015a SI\u0118<\/a><\/div>\n\n\n\n<div class=\"wp-block-button\"><a class=\"wp-block-button__link has-text-align-center wp-element-button\" href=\"https:\/\/drive.google.com\/file\/d\/1A0HOdWS5FlXJR287tB5DayAOYDFQXW7K\/view?usp=drive_link\">REGULAMIN<\/a><\/div>\n<\/div>\n\n\n\n<div style=\"height:45px\" aria-hidden=\"true\" class=\"wp-block-spacer\"><\/div>\n\n\n\n<h2 class=\"wp-block-heading has-text-align-center\"><strong>Zg\u0142oszenia na Konkurs Cosplay wystartuj\u0105 03.02.2025<\/strong><\/h2>\n<\/div><\/div>\n\n\n\n<hr class=\"wp-block-separator has-alpha-channel-opacity\"\/>\n\n\n\n<div style=\"height:100px\" aria-hidden=\"true\" class=\"wp-block-spacer\"><\/div>\n\n\n\n<p class=\"has-text-align-center has-medium-font-size\"><strong>MEDIA <\/strong><\/p>\n\n\n\n<div style=\"height:100px\" aria-hidden=\"true\" class=\"wp-block-spacer\"><\/div>\n\n\n\n<div class=\"wp-block-media-text is-stacked-on-mobile\" style=\"grid-template-columns:23% auto\"><figure class=\"wp-block-media-text__media\"><img loading=\"lazy\" decoding=\"async\" width=\"512\" height=\"512\" src=\"https:\/\/aicon-fest.pl\/wp-content\/uploads\/2025\/01\/photographer.png\" alt=\"\" class=\"wp-image-9306 size-full\" srcset=\"https:\/\/aicon-fest.pl\/wp-content\/uploads\/2025\/01\/photographer.png 512w, https:\/\/aicon-fest.pl\/wp-content\/uploads\/2025\/01\/photographer-300x300.png 300w, https:\/\/aicon-fest.pl\/wp-content\/uploads\/2025\/01\/photographer-150x150.png 150w, https:\/\/aicon-fest.pl\/wp-content\/uploads\/2025\/01\/photographer-768x768.png 768w, https:\/\/aicon-fest.pl\/wp-content\/uploads\/2025\/01\/photographer-570x570.png 570w\" sizes=\"auto, (max-width: 512px) 100vw, 512px\" \/><\/figure><div class=\"wp-block-media-text__content\">\n<div class=\"wp-block-buttons is-layout-flex wp-block-buttons-is-layout-flex\">\n<div class=\"wp-block-button is-style-outline is-style-outline--5\"><a class=\"wp-block-button__link wp-element-button\" href=\"https:\/\/docs.google.com\/forms\/d\/1i12ZgV9I1gblceVpkKaS3qTdd2wuZ347WBziT5KZB-o\/preview\">ZG\u0141O\u015a SI\u0118<\/a><\/div>\n\n\n\n<div class=\"wp-block-button\"><a class=\"wp-block-button__link wp-element-button\" href=\"https:\/\/aicon-fest.pl\/index.php\/regulamin-mediow\/\">REGULAMIN<\/a><\/div>\n<\/div>\n<\/div><\/div>\n\n\n\n<div style=\"height:100px\" aria-hidden=\"true\" class=\"wp-block-spacer\"><\/div>\n","protected":false},"excerpt":{"rendered":"<p>WYSTAWCY ZG\u0141O\u015a SI\u0118 REGULAMIN ATRAKCJE ZG\u0141O\u015a SI\u0118 REGULAMIN HELPERZY ZG\u0141O\u015a SI\u0118 REGULAMIN Konkurs cosplay ZG\u0141O\u015a SI\u0118 REGULAMIN Zg\u0142oszenia na Konkurs Cosplay wystartuj\u0105 03.02.2025 MEDIA ZG\u0141O\u015a SI\u0118 REGULAMIN<br \/><a href=\"https:\/\/aicon-fest.pl\/index.php\/zgloszenia-2\/\" class=\"more\">Read more<\/a><\/p>\n","protected":false},"author":1,"featured_media":0,"parent":0,"menu_order":0,"comment_status":"closed","ping_status":"closed","template":"","meta":{"footnotes":""},"class_list":["post-9138","page","type-page","status-publish","hentry"],"_links":{"self":[{"href":"https:\/\/aicon-fest.pl\/index.php\/wp-json\/wp\/v2\/pages\/9138","targetHints":{"allow":["GET"]}}],"collection":[{"href":"https:\/\/aicon-fest.pl\/index.php\/wp-json\/wp\/v2\/pages"}],"about":[{"href":"https:\/\/aicon-fest.pl\/index.php\/wp-json\/wp\/v2\/types\/page"}],"author":[{"embeddable":true,"href":"https:\/\/aicon-fest.pl\/index.php\/wp-json\/wp\/v2\/users\/1"}],"replies":[{"embeddable":true,"href":"https:\/\/aicon-fest.pl\/index.php\/wp-json\/wp\/v2\/comments?post=9138"}],"version-history":[{"count":24,"href":"https:\/\/aicon-fest.pl\/index.php\/wp-json\/wp\/v2\/pages\/9138\/revisions"}],"predecessor-version":[{"id":9473,"href":"https:\/\/aicon-fest.pl\/index.php\/wp-json\/wp\/v2\/pages\/9138\/revisions\/9473"}],"wp:attachment":[{"href":"https:\/\/aicon-fest.pl\/index.php\/wp-json\/wp\/v2\/media?parent=9138"}],"curies":[{"name":"wp","href":"https:\/\/api.w.org\/{rel}","templated":true}]}}