{"id":8841,"date":"2023-02-28T23:21:30","date_gmt":"2023-02-28T23:21:30","guid":{"rendered":"https:\/\/aicon-fest.pl\/?page_id=8841"},"modified":"2024-03-11T11:49:13","modified_gmt":"2024-03-11T11:49:13","slug":"gastronomia","status":"publish","type":"page","link":"https:\/\/aicon-fest.pl\/index.php\/gastronomia\/","title":{"rendered":"Gastronomia"},"content":{"rendered":"<section class=\"wpb-content-wrapper\"><p>[vc_row type=&#8221;full-width-section&#8221; parallax=&#8221;tt_parallax&#8221; parallax_image=&#8221;7693&#8243;][vc_column animation=&#8221;rda_bounceIn&#8221;][vc_empty_space][vc_empty_space][vc_custom_heading text=&#8221;PUNKTY GASTRONOMICZNE&#8221; font_container=&#8221;tag:h2|font_size:30|text_align:center|color:%232c3e50&#8243; google_fonts=&#8221;font_family:Lusitana%3Aregular%2C700|font_style:400%20regular%3A400%3Anormal&#8221; css=&#8221;.vc_custom_1677626689459{margin-bottom: 2px !important;}&#8221;]<style type=\"text\/css\" >#l_a611hescm2cs8ctcrm2s.sc_line ,#l_a611hescm2cs8ctcrm2s .sc_line { height:1px; background:;}#l_a611hescm2cs8ctcrm2s {margin:0px 0 0px 0; padding:0;}<\/style><div class=\"clearfix\"><\/div><div id=\"l_a611hescm2cs8ctcrm2s\"  class=\"sc_line rd_line_normal\" ><\/div>[vc_empty_space][vc_empty_space][\/vc_column][\/vc_row][vc_row type=&#8221;full-width-section&#8221;][vc_column][vc_tour interval=&#8221;0&#8243; type=&#8221;rd_vtab_1&#8243;][vc_tab title=&#8221;Bubble Tea Yoppo&#8221; tab_id=&#8221;eb041854-3c10-87a23-ac73&#8243;][vc_single_image image=&#8221;8842&#8243; img_size=&#8221;medium&#8221; alignment=&#8221;center&#8221; style=&#8221;vc_box_outline&#8221; border_color=&#8221;vista_blue&#8221; animation=&#8221;rda_bounceIn&#8221;][vc_column_text animation=&#8221;rda_bounceIn&#8221;]<\/p>\n<p style=\"text-align: center;\"><span style=\"font-weight: 400;\">Bubble Tea Yoppo serwuje prawdziwy raj dla mi\u0142o\u015bnik\u00f3w orze\u017awiaj\u0105cych napoj\u00f3w! \u0141\u0105czymy \u015bwie\u017co parzon\u0105 herbat\u0119 ja\u015bminow\u0105 z przepysznymi sokami owocowymi, a nast\u0119pnie uzupe\u0142niamy j\u0105 p\u0119kaj\u0105cymi kulkami i ci\u0105gutnymi \u017celkami, b\u0119d\u0105cymi skondensowanymi fragmentami kolorowej rado\u015bci!<\/span><\/p>\n<p style=\"text-align: center;\"><span style=\"font-weight: 400;\">Ca\u0142o\u015b\u0107 serwujemy na ciep\u0142o lub zimno w zamkni\u0119tym kubku. Przyb\u0105d\u017a i wybieraj swoje smaki, by stworzy\u0107 Twoje unikalne i idealne Bubble Tea!<\/span><\/p>\n<p style=\"text-align: center;\"><span style=\"font-weight: 400;\">https:\/\/www.facebook.com\/BTYoppo<\/span><\/p>\n<p>[\/vc_column_text][\/vc_tab][vc_tab title=&#8221;Nihon Sushi&#8221; tab_id=&#8221;1675426487455-3-107a23-ac73&#8243;][vc_single_image image=&#8221;8845&#8243; img_size=&#8221;medium&#8221; alignment=&#8221;center&#8221; style=&#8221;vc_box_outline&#8221; border_color=&#8221;vista_blue&#8221; onclick=&#8221;custom_link&#8221; img_link_target=&#8221;_blank&#8221; animation=&#8221;rda_bounceIn&#8221; link=&#8221;https:\/\/sushinihon.pl\/&#8221;][vc_column_text animation=&#8221;rda_bounceIn&#8221;]<\/p>\n<div class=\"x11i5rnm xat24cr x1mh8g0r x1vvkbs xdj266r x126k92a\">\n<div dir=\"auto\">\n<p style=\"text-align: center;\"><span style=\"font-weight: 400;\">Sushi Nihon.<\/span><\/p>\n<p style=\"text-align: center;\"><span style=\"font-weight: 400;\">Ci mistrzowie maj\u0105 na celu przekazanie ukrytego smaku Japonii w prostej postaci przyjaznej dla ka\u017cdego. Ich wyj\u0105tkowy unikalny smak zawdzi\u0119czaj\u0105 wieloletniemu do\u015bwiadczeniu<\/span><\/p>\n<p style=\"text-align: center;\"><a href=\"https:\/\/sushinihon.pl\/\" target=\"_blank\" rel=\"noopener\">https:\/\/sushinihon.pl\/<\/a><\/p>\n<p style=\"text-align: center;\"><a href=\"https:\/\/www.facebook.com\/nihonsushikr\" target=\"_blank\" rel=\"noopener\">https:\/\/www.facebook.com\/nihonsushikr<\/a><\/p>\n<\/div>\n<\/div>\n<p>[\/vc_column_text][\/vc_tab][vc_tab title=&#8221;Pochi loves Maids&#8221; tab_id=&#8221;1675426805821-4-107a23-ac73&#8243;][vc_single_image image=&#8221;9042&#8243; img_size=&#8221;medium&#8221; alignment=&#8221;center&#8221; style=&#8221;vc_box_outline&#8221; border_color=&#8221;vista_blue&#8221; onclick=&#8221;custom_link&#8221; img_link_target=&#8221;_blank&#8221; animation=&#8221;rda_bounceIn&#8221; link=&#8221;https:\/\/sushinihon.pl\/&#8221;][vc_column_text animation=&#8221;rda_bounceIn&#8221;]<\/p>\n<div class=\"x11i5rnm xat24cr x1mh8g0r x1vvkbs xdj266r x126k92a\" style=\"text-align: center;\">\n<div dir=\"auto\"><span style=\"font-weight: 400;\">To kawiarenka z kelnerkami przebranymi w urocze stroje niczym wyj\u0119te prosto z Japonii W tej kawiarence mo\u017cecie zje\u015b\u0107 smaczne dania azjatyckie czy to na obiad, czy na \u015bniadanie i kolacje podawane przez urocze kelnerki!<\/span><\/div>\n<\/div>\n<p>[\/vc_column_text][\/vc_tab][vc_tab title=&#8221;Tsuru CAFFE&#8221; tab_id=&#8221;1677606534132-4-107a23-ac73&#8243;][vc_single_image image=&#8221;9043&#8243; img_size=&#8221;medium&#8221; alignment=&#8221;center&#8221; style=&#8221;vc_box_outline&#8221; border_color=&#8221;vista_blue&#8221; hover_effect=&#8221;img_play_effect&#8221; animation=&#8221;rda_bounceIn&#8221;][vc_column_text animation=&#8221;rda_bounceIn&#8221;]<\/p>\n<div class=\"x11i5rnm xat24cr x1mh8g0r x1vvkbs xdj266r x126k92a\">\n<p style=\"text-align: center;\"><span style=\"font-weight: 400;\">To miejsce, gdzie b\u0119dziesz m\u00f3g\u0142 usi\u0105\u015b\u0107, odpocz\u0105\u0107, napi\u0107 si\u0119 ciep\u0142ej herbaty czy pachn\u0105cej kawy zje\u015b\u0107 ciastko, muffink\u0119 czy kupi\u0107 co\u015b na wynos i kontynuowa\u0107 zabaw\u0119 na konwencie. W kawiarence b\u0119dzie mo\u017cna kupi\u0107 napoje zwyk\u0142e energetyczne czy granit\u0119 energetyczna na bazie monstera.<\/span><\/p>\n<\/div>\n<p>[\/vc_column_text][\/vc_tab][\/vc_tour][\/vc_column][\/vc_row]<\/p>\n<\/section>","protected":false},"excerpt":{"rendered":"<p>[vc_row type=&#8221;full-width-section&#8221; parallax=&#8221;tt_parallax&#8221; parallax_image=&#8221;7693&#8243;][vc_column animation=&#8221;rda_bounceIn&#8221;][vc_empty_space][vc_empty_space][vc_custom_heading text=&#8221;PUNKTY GASTRONOMICZNE&#8221; font_container=&#8221;tag:h2|font_size:30|text_align:center|color:%232c3e50&#8243; google_fonts=&#8221;font_family:Lusitana%3Aregular%2C700|font_style:400%20regular%3A400%3Anormal&#8221; css=&#8221;.vc_custom_1677626689459{margin-bottom: 2px !important;}&#8221;][vc_empty_space][vc_empty_space][\/vc_column][\/vc_row][vc_row type=&#8221;full-width-section&#8221;][vc_column][vc_tour interval=&#8221;0&#8243; type=&#8221;rd_vtab_1&#8243;][vc_tab title=&#8221;Bubble Tea Yoppo&#8221; tab_id=&#8221;eb041854-3c10-87a23-ac73&#8243;][vc_single_image image=&#8221;8842&#8243; img_size=&#8221;medium&#8221; alignment=&#8221;center&#8221; style=&#8221;vc_box_outline&#8221; border_color=&#8221;vista_blue&#8221; animation=&#8221;rda_bounceIn&#8221;][vc_column_text animation=&#8221;rda_bounceIn&#8221;] Bubble Tea Yoppo serwuje prawdziwy raj dla mi\u0142o\u015bnik\u00f3w orze\u017awiaj\u0105cych napoj\u00f3w! \u0141\u0105czymy \u015bwie\u017co parzon\u0105 herbat\u0119 ja\u015bminow\u0105 z przepysznymi sokami owocowymi, a nast\u0119pnie uzupe\u0142niamy j\u0105 p\u0119kaj\u0105cymi kulkami i ci\u0105gutnymi \u017celkami, b\u0119d\u0105cymi<br \/><a href=\"https:\/\/aicon-fest.pl\/index.php\/gastronomia\/\" class=\"more\">Read more<\/a><\/p>\n","protected":false},"author":1,"featured_media":0,"parent":0,"menu_order":0,"comment_status":"closed","ping_status":"closed","template":"","meta":{"footnotes":""},"class_list":["post-8841","page","type-page","status-publish","hentry"],"_links":{"self":[{"href":"https:\/\/aicon-fest.pl\/index.php\/wp-json\/wp\/v2\/pages\/8841","targetHints":{"allow":["GET"]}}],"collection":[{"href":"https:\/\/aicon-fest.pl\/index.php\/wp-json\/wp\/v2\/pages"}],"about":[{"href":"https:\/\/aicon-fest.pl\/index.php\/wp-json\/wp\/v2\/types\/page"}],"author":[{"embeddable":true,"href":"https:\/\/aicon-fest.pl\/index.php\/wp-json\/wp\/v2\/users\/1"}],"replies":[{"embeddable":true,"href":"https:\/\/aicon-fest.pl\/index.php\/wp-json\/wp\/v2\/comments?post=8841"}],"version-history":[{"count":6,"href":"https:\/\/aicon-fest.pl\/index.php\/wp-json\/wp\/v2\/pages\/8841\/revisions"}],"predecessor-version":[{"id":9041,"href":"https:\/\/aicon-fest.pl\/index.php\/wp-json\/wp\/v2\/pages\/8841\/revisions\/9041"}],"wp:attachment":[{"href":"https:\/\/aicon-fest.pl\/index.php\/wp-json\/wp\/v2\/media?parent=8841"}],"curies":[{"name":"wp","href":"https:\/\/api.w.org\/{rel}","templated":true}]}}