{"id":8491,"date":"2023-01-18T17:22:15","date_gmt":"2023-01-18T17:22:15","guid":{"rendered":"https:\/\/aicon-fest.pl\/?page_id=8491"},"modified":"2024-01-28T18:01:55","modified_gmt":"2024-01-28T18:01:55","slug":"zgloszenia","status":"publish","type":"page","link":"https:\/\/aicon-fest.pl\/index.php\/zgloszenia\/","title":{"rendered":"Zg\u0142oszenia"},"content":{"rendered":"<section class=\"wpb-content-wrapper\"><p>[vc_row type=&#8221;full-width-section&#8221; parallax=&#8221;tt_parallax&#8221; parallax_image=&#8221;8925&#8243;][vc_column animation=&#8221;rda_bounceIn&#8221;][vc_empty_space][vc_empty_space][vc_custom_heading text=&#8221;ZG\u0141OSZENIA&#8221; font_container=&#8221;tag:h2|font_size:30|text_align:center|color:%232c3e50&#8243; google_fonts=&#8221;font_family:Lusitana%3Aregular%2C700|font_style:400%20regular%3A400%3Anormal&#8221; css=&#8221;.vc_custom_1674062492821{margin-bottom: 2px !important;}&#8221;]<style type=\"text\/css\" >#l_8p8bfk2jfvz85xsm4mzn.sc_line ,#l_8p8bfk2jfvz85xsm4mzn .sc_line { height:1px; background:;}#l_8p8bfk2jfvz85xsm4mzn {margin:0px 0 0px 0; padding:0;}<\/style><div class=\"clearfix\"><\/div><div id=\"l_8p8bfk2jfvz85xsm4mzn\"  class=\"sc_line rd_line_normal\" ><\/div>[vc_empty_space][vc_empty_space][\/vc_column][\/vc_row][vc_row][vc_column]<style type=\"text\/css\" >#l_jpalus04czzpd89ng4t8.sc_line ,#l_jpalus04czzpd89ng4t8 .sc_line { height:1px; background:#ffbabc;}#l_jpalus04czzpd89ng4t8 {margin:0px 0 0px 0; padding:0;}<\/style><div class=\"clearfix\"><\/div><div id=\"l_jpalus04czzpd89ng4t8\"  class=\"sc_line rd_line_normal\" ><\/div>[\/vc_column][\/vc_row][vc_row type=&#8221;full-width-section&#8221; parallax=&#8221;tt_parallax&#8221;][vc_column width=&#8221;1\/3&#8243; animation=&#8221;rda_bounceIn&#8221;][vc_custom_heading text=&#8221;WYSTAWCY&#8221; font_container=&#8221;tag:h2|text_align:center|line_height:5&#8243; google_fonts=&#8221;font_family:Lusitana%3Aregular%2C700|font_style:400%20regular%3A400%3Anormal&#8221;][\/vc_column][vc_column width=&#8221;1\/3&#8243;]<style type=\"text\/css\" >#l_kuxwbjh3pq0fi2z34nrc.sc_vline {background:#ffbabc; min-height:100px; width:2px;}#l_kuxwbjh3pq0fi2z34nrc{margin:20px auto 0px auto; padding:0;}<\/style><div class=\"clearfix\"><\/div><div id=\"l_kuxwbjh3pq0fi2z34nrc\"  class=\"sc_vline\" ><\/div>[\/vc_column][vc_column width=&#8221;1\/3&#8243;]<style type=\"text\/css\" >#b_zi17n1hnjqjv72okgthc{margin-top:35px; margin-bottom:0px;}#b_zi17n1hnjqjv72okgthc .f_btn{color:#ff8488; background: #ffbabc;}#b_zi17n1hnjqjv72okgthc .f_btn:hover{color:#ffffff ; background:#ff8488 ;}#b_zi17n1hnjqjv72okgthc .s_btn{color:#ff8488; background: #ffbabc;}#b_zi17n1hnjqjv72okgthc .s_btn:hover{color:#ffffff ; background:#ff8488 ;}<\/style><div class=\"rd_db_1 clearfix\" id=\"b_zi17n1hnjqjv72okgthc\" ><a class=\"f_btn rda_bounceIn \" href=\"https:\/\/aicon-fest.pl\/index.php\/regulamin-wystawcow\/\" target=\"_blank\" >REGULAMIN<\/a><a class=\"s_btn rda_bounceIn \" href=\"https:\/\/docs.google.com\/forms\/d\/e\/1FAIpQLSeBeOFW9kNC6VQ5QoRsHnqv71PwBe34rY0O9jqLEIywMrpdHw\/viewform\" target=\"_blank\" >ZG\u0141O\u015a SI\u0118<\/a><\/div>[\/vc_column][\/vc_row][vc_row][vc_column]<style type=\"text\/css\" >#l_cmj50njndz97ndnmgq3j.sc_line ,#l_cmj50njndz97ndnmgq3j .sc_line { height:1px; background:#ffbabc;}#l_cmj50njndz97ndnmgq3j {margin:0px 0 0px 0; padding:0;}<\/style><div class=\"clearfix\"><\/div><div id=\"l_cmj50njndz97ndnmgq3j\"  class=\"sc_line rd_line_normal\" ><\/div>[\/vc_column][\/vc_row][vc_row type=&#8221;full-width-section&#8221;][vc_column width=&#8221;1\/3&#8243; animation=&#8221;rda_bounceIn&#8221;][vc_custom_heading text=&#8221;HELPERZY&#8221; font_container=&#8221;tag:h2|text_align:center|line_height:5&#8243; google_fonts=&#8221;font_family:Lusitana%3Aregular%2C700|font_style:400%20regular%3A400%3Anormal&#8221;][\/vc_column][vc_column width=&#8221;1\/3&#8243;]<style type=\"text\/css\" >#l_vjm7b9p430ddhk7e3746.sc_vline {background:#ffbabc; min-height:100px; width:2px;}#l_vjm7b9p430ddhk7e3746{margin:20px auto 0px auto; padding:0;}<\/style><div class=\"clearfix\"><\/div><div id=\"l_vjm7b9p430ddhk7e3746\"  class=\"sc_vline\" ><\/div>[\/vc_column][vc_column width=&#8221;1\/3&#8243;]<style type=\"text\/css\" >#b_c7suajaaeeo8qn5qvwku{margin-top:35px; margin-bottom:0px;}#b_c7suajaaeeo8qn5qvwku .f_btn{color:#ff8488; background: #ffbabc;}#b_c7suajaaeeo8qn5qvwku .f_btn:hover{color:#ffffff ; background:#ff8488 ;}#b_c7suajaaeeo8qn5qvwku .s_btn{color:#ff8488; background: #ffbabc;}#b_c7suajaaeeo8qn5qvwku .s_btn:hover{color:#ffffff ; background:#ff8488 ;}<\/style><div class=\"rd_db_1 clearfix\" id=\"b_c7suajaaeeo8qn5qvwku\" ><a class=\"f_btn rda_bounceIn \" href=\"https:\/\/aicon-fest.pl\/index.php\/regulamin-helperow\/\" target=\"_blank\" >REGULAMIN<\/a><a class=\"s_btn rda_bounceIn \" href=\"https:\/\/docs.google.com\/forms\/d\/e\/1FAIpQLSd62GbaN_Vg5mgEjRqFkv4jhwwX26u4OPbQEdn8J4E4vQVnKQ\/viewform\" target=\"_blank\" >ZG\u0141O\u015a SI\u0118<\/a><\/div>[\/vc_column][\/vc_row][vc_row][vc_column]<style type=\"text\/css\" >#l_wxdebsncg3ixt4xb0f0t.sc_line ,#l_wxdebsncg3ixt4xb0f0t .sc_line { height:1px; background:#ffbabc;}#l_wxdebsncg3ixt4xb0f0t {margin:0px 0 0px 0; padding:0;}<\/style><div class=\"clearfix\"><\/div><div id=\"l_wxdebsncg3ixt4xb0f0t\"  class=\"sc_line rd_line_normal\" ><\/div>[\/vc_column][\/vc_row][vc_row type=&#8221;full-width-section&#8221;][vc_column width=&#8221;1\/3&#8243; animation=&#8221;rda_bounceIn&#8221;][vc_custom_heading text=&#8221;MEDIA&#8221; font_container=&#8221;tag:h2|text_align:center|line_height:5&#8243; google_fonts=&#8221;font_family:Lusitana%3Aregular%2C700|font_style:400%20regular%3A400%3Anormal&#8221;][\/vc_column][vc_column width=&#8221;1\/3&#8243;]<style type=\"text\/css\" >#l_uh4p6pny7ntxb441gz1w.sc_vline {background:#ffbabc; min-height:100px; width:2px;}#l_uh4p6pny7ntxb441gz1w{margin:20px auto 0px auto; padding:0;}<\/style><div class=\"clearfix\"><\/div><div id=\"l_uh4p6pny7ntxb441gz1w\"  class=\"sc_vline\" ><\/div>[\/vc_column][vc_column width=&#8221;1\/3&#8243;]<style type=\"text\/css\" >#b_g00xit4k821rcv3frmtx{margin-top:35px; margin-bottom:0px;}#b_g00xit4k821rcv3frmtx .f_btn{color:#ff8488; background: #ffbabc;}#b_g00xit4k821rcv3frmtx .f_btn:hover{color:#ffffff ; background:#ff8488 ;}#b_g00xit4k821rcv3frmtx .s_btn{color:#ff8488; background: #ffbabc;}#b_g00xit4k821rcv3frmtx .s_btn:hover{color:#ffffff ; background:#ff8488 ;}<\/style><div class=\"rd_db_1 clearfix\" id=\"b_g00xit4k821rcv3frmtx\" ><a class=\"f_btn rda_bounceIn \" href=\"https:\/\/aicon-fest.pl\/index.php\/regulamin-mediow\/\" target=\"_blank\" >REGULAMIN<\/a><a class=\"s_btn rda_bounceIn \" href=\"https:\/\/docs.google.com\/forms\/d\/e\/1FAIpQLSdVtbex430q77ii8ewa5nY_CPL6zjmhVaMHrMAwrfy5C2N-oA\/viewform\" target=\"_blank\" >ZG\u0141O\u015a SI\u0118<\/a><\/div>[\/vc_column][\/vc_row][vc_row][vc_column]<style type=\"text\/css\" >#l_pn5p8hshdbrn3iyypwua.sc_line ,#l_pn5p8hshdbrn3iyypwua .sc_line { height:1px; background:#ffbabc;}#l_pn5p8hshdbrn3iyypwua {margin:0px 0 0px 0; padding:0;}<\/style><div class=\"clearfix\"><\/div><div id=\"l_pn5p8hshdbrn3iyypwua\"  class=\"sc_line rd_line_normal\" ><\/div>[\/vc_column][\/vc_row][vc_row type=&#8221;full-width-section&#8221;][vc_column width=&#8221;1\/3&#8243; animation=&#8221;rda_bounceIn&#8221;][vc_custom_heading text=&#8221;TW\u00d3RCY ATRAKCJI&#8221; font_container=&#8221;tag:h2|text_align:center|line_height:5&#8243; google_fonts=&#8221;font_family:Lusitana%3Aregular%2C700|font_style:400%20regular%3A400%3Anormal&#8221;][\/vc_column][vc_column width=&#8221;1\/3&#8243;]<style type=\"text\/css\" >#l_yz2c4pvxkq0i7brgl0px.sc_vline {background:#ffbabc; min-height:100px; width:2px;}#l_yz2c4pvxkq0i7brgl0px{margin:20px auto 0px auto; padding:0;}<\/style><div class=\"clearfix\"><\/div><div id=\"l_yz2c4pvxkq0i7brgl0px\"  class=\"sc_vline\" ><\/div>[\/vc_column][vc_column width=&#8221;1\/3&#8243;]<style type=\"text\/css\" >#b_aj5dmkea5slix63qoo3n{margin-top:35px; margin-bottom:0px;}#b_aj5dmkea5slix63qoo3n .f_btn{color:#ff8488; background: #ffbabc;}#b_aj5dmkea5slix63qoo3n .f_btn:hover{color:#ffffff ; background:#ff8488 ;}#b_aj5dmkea5slix63qoo3n .s_btn{color:#ff8488; background: #ffbabc;}#b_aj5dmkea5slix63qoo3n .s_btn:hover{color:#ffffff ; background:#ff8488 ;}<\/style><div class=\"rd_db_1 clearfix\" id=\"b_aj5dmkea5slix63qoo3n\" ><a class=\"f_btn rda_bounceIn \" href=\"https:\/\/aicon-fest.pl\/index.php\/regulamin-tworcow-atrakcji\/\" target=\"_blank\" >REGULAMIN<\/a><a class=\"s_btn rda_bounceIn \" href=\"https:\/\/docs.google.com\/forms\/d\/e\/1FAIpQLSd-s7VXQh0c5MtvXMM81IqjS66oluaSceDSzA939lJsjGMv7w\/viewform\" target=\"_blank\" >ZG\u0141O\u015a SI\u0118<\/a><\/div>[\/vc_column][\/vc_row][vc_row][vc_column]<style type=\"text\/css\" >#l_6b03ojdy5hy98d70io30.sc_line ,#l_6b03ojdy5hy98d70io30 .sc_line { height:1px; background:#ffbabc;}#l_6b03ojdy5hy98d70io30 {margin:0px 0 0px 0; padding:0;}<\/style><div class=\"clearfix\"><\/div><div id=\"l_6b03ojdy5hy98d70io30\"  class=\"sc_line rd_line_normal\" ><\/div>[\/vc_column][\/vc_row][vc_row type=&#8221;full-width-section&#8221;][vc_column width=&#8221;1\/3&#8243; animation=&#8221;rda_bounceIn&#8221;][vc_custom_heading text=&#8221;KONKURS COSPLAY&#8221; font_container=&#8221;tag:h2|text_align:center|line_height:5&#8243; google_fonts=&#8221;font_family:Lusitana%3Aregular%2C700|font_style:400%20regular%3A400%3Anormal&#8221;][\/vc_column][vc_column width=&#8221;1\/3&#8243;]<style type=\"text\/css\" >#l_7wk3lgj9pgb0n9pj4ix0.sc_vline {background:#ffbabc; min-height:100px; width:2px;}#l_7wk3lgj9pgb0n9pj4ix0{margin:20px auto 0px auto; padding:0;}<\/style><div class=\"clearfix\"><\/div><div id=\"l_7wk3lgj9pgb0n9pj4ix0\"  class=\"sc_vline\" ><\/div>[\/vc_column][vc_column width=&#8221;1\/3&#8243;]<style type=\"text\/css\" >#b_pewci5jwwfdg3vg0x1jw{margin-top:35px; margin-bottom:0px;}#b_pewci5jwwfdg3vg0x1jw .f_btn{color:#ff8488; background: #ffbabc;}#b_pewci5jwwfdg3vg0x1jw .f_btn:hover{color:#ffffff ; background:#ff8488 ;}#b_pewci5jwwfdg3vg0x1jw .s_btn{color:#ff8488; background: #ffbabc;}#b_pewci5jwwfdg3vg0x1jw .s_btn:hover{color:#ffffff ; background:#ff8488 ;}<\/style><div class=\"rd_db_1 clearfix\" id=\"b_pewci5jwwfdg3vg0x1jw\" ><a class=\"f_btn rda_bounceIn \" href=\"https:\/\/aicon-fest.pl\/index.php\/regulamin-konkursu-cosplay\/\" target=\"_blank\" >REGULAMIN<\/a><a class=\"s_btn rda_bounceIn \" href=\"https:\/\/docs.google.com\/forms\/d\/e\/1FAIpQLSdcPVp6-4-avgxkD0W9OZltnL2TBk2ky6BGNpqsyTM30Q5_MA\/closedform\" target=\"_blank\" >ZG\u0141O\u015a SI\u0118<\/a><\/div>[\/vc_column][\/vc_row][vc_row][vc_column]<style type=\"text\/css\" >#l_hci1596f5y6gg0wsn2d5.sc_line ,#l_hci1596f5y6gg0wsn2d5 .sc_line { height:1px; background:#ffbabc;}#l_hci1596f5y6gg0wsn2d5 {margin:0px 0 0px 0; padding:0;}<\/style><div class=\"clearfix\"><\/div><div id=\"l_hci1596f5y6gg0wsn2d5\"  class=\"sc_line rd_line_normal\" ><\/div>[\/vc_column][\/vc_row][vc_row type=&#8221;full-width-section&#8221;][vc_column]<style type=\"text\/css\" >#b_qbxf8vqgbm6cn4mpqdvn a{color:#ff8488; background:#ffbabc; border-style:solid; border-color:#ff8488; margin-top:0px; margin-bottom:0px;  margin-left:0px; margin-right:0px; font-weight:900; border-radius:0px;}#b_qbxf8vqgbm6cn4mpqdvn a:hover{color: ; background: ; border-color:;}<\/style><div class=\"ta_center tf_btn_pos\" id=\"b_qbxf8vqgbm6cn4mpqdvn\" ><a class=\"rd_stroke_bt mediumlarge_rd_bt border_1px rda_bounceIn \" href=\"https:\/\/aicon-fest.pl\/index.php\/regulamin-ogolny\/\" target=\"yes\"   >REGULAMIN KONWENTU<\/a><\/div>[\/vc_column][\/vc_row][vc_row][vc_column]<div class=\"alert rd_big_alert rd_info_alert rda_bounceIn\" style=\"margin-top:0px; margin-bottom:20px;\"><div class=\"rd_alert_content\"><h3 class=\"rd_alert_title\">Wa\u017cna informacja<\/h3>Ka\u017cda zg\u0142aszaj\u0105ca si\u0119 osoba, zobowi\u0105zana jest do zapoznania si\u0119 z regulaminem g\u0142\u00f3wnym konwentu!<\/div><div class=\"alert_del_btn\"><\/div><\/div>[\/vc_column][\/vc_row]<\/p>\n<\/section>","protected":false},"excerpt":{"rendered":"<p>[vc_row type=&#8221;full-width-section&#8221; parallax=&#8221;tt_parallax&#8221; parallax_image=&#8221;8925&#8243;][vc_column animation=&#8221;rda_bounceIn&#8221;][vc_empty_space][vc_empty_space][vc_custom_heading text=&#8221;ZG\u0141OSZENIA&#8221; font_container=&#8221;tag:h2|font_size:30|text_align:center|color:%232c3e50&#8243; google_fonts=&#8221;font_family:Lusitana%3Aregular%2C700|font_style:400%20regular%3A400%3Anormal&#8221; css=&#8221;.vc_custom_1674062492821{margin-bottom: 2px !important;}&#8221;][vc_empty_space][vc_empty_space][\/vc_column][\/vc_row][vc_row][vc_column][\/vc_column][\/vc_row][vc_row type=&#8221;full-width-section&#8221; parallax=&#8221;tt_parallax&#8221;][vc_column width=&#8221;1\/3&#8243; animation=&#8221;rda_bounceIn&#8221;][vc_custom_heading text=&#8221;WYSTAWCY&#8221; font_container=&#8221;tag:h2|text_align:center|line_height:5&#8243; google_fonts=&#8221;font_family:Lusitana%3Aregular%2C700|font_style:400%20regular%3A400%3Anormal&#8221;][\/vc_column][vc_column width=&#8221;1\/3&#8243;][\/vc_column][vc_column width=&#8221;1\/3&#8243;]REGULAMINZG\u0141O\u015a SI\u0118[\/vc_column][\/vc_row][vc_row][vc_column][\/vc_column][\/vc_row][vc_row type=&#8221;full-width-section&#8221;][vc_column width=&#8221;1\/3&#8243; animation=&#8221;rda_bounceIn&#8221;][vc_custom_heading text=&#8221;HELPERZY&#8221; font_container=&#8221;tag:h2|text_align:center|line_height:5&#8243; google_fonts=&#8221;font_family:Lusitana%3Aregular%2C700|font_style:400%20regular%3A400%3Anormal&#8221;][\/vc_column][vc_column width=&#8221;1\/3&#8243;][\/vc_column][vc_column width=&#8221;1\/3&#8243;]REGULAMINZG\u0141O\u015a SI\u0118[\/vc_column][\/vc_row][vc_row][vc_column][\/vc_column][\/vc_row][vc_row type=&#8221;full-width-section&#8221;][vc_column width=&#8221;1\/3&#8243; animation=&#8221;rda_bounceIn&#8221;][vc_custom_heading text=&#8221;MEDIA&#8221; font_container=&#8221;tag:h2|text_align:center|line_height:5&#8243; google_fonts=&#8221;font_family:Lusitana%3Aregular%2C700|font_style:400%20regular%3A400%3Anormal&#8221;][\/vc_column][vc_column width=&#8221;1\/3&#8243;][\/vc_column][vc_column width=&#8221;1\/3&#8243;]REGULAMINZG\u0141O\u015a SI\u0118[\/vc_column][\/vc_row][vc_row][vc_column][\/vc_column][\/vc_row][vc_row type=&#8221;full-width-section&#8221;][vc_column width=&#8221;1\/3&#8243; animation=&#8221;rda_bounceIn&#8221;][vc_custom_heading text=&#8221;TW\u00d3RCY ATRAKCJI&#8221; font_container=&#8221;tag:h2|text_align:center|line_height:5&#8243; google_fonts=&#8221;font_family:Lusitana%3Aregular%2C700|font_style:400%20regular%3A400%3Anormal&#8221;][\/vc_column][vc_column width=&#8221;1\/3&#8243;][\/vc_column][vc_column width=&#8221;1\/3&#8243;]REGULAMINZG\u0141O\u015a SI\u0118[\/vc_column][\/vc_row][vc_row][vc_column][\/vc_column][\/vc_row][vc_row type=&#8221;full-width-section&#8221;][vc_column width=&#8221;1\/3&#8243; animation=&#8221;rda_bounceIn&#8221;][vc_custom_heading text=&#8221;KONKURS COSPLAY&#8221; font_container=&#8221;tag:h2|text_align:center|line_height:5&#8243;<br \/><a href=\"https:\/\/aicon-fest.pl\/index.php\/zgloszenia\/\" class=\"more\">Read more<\/a><\/p>\n","protected":false},"author":1,"featured_media":0,"parent":0,"menu_order":0,"comment_status":"closed","ping_status":"closed","template":"","meta":{"footnotes":""},"class_list":["post-8491","page","type-page","status-publish","hentry"],"_links":{"self":[{"href":"https:\/\/aicon-fest.pl\/index.php\/wp-json\/wp\/v2\/pages\/8491","targetHints":{"allow":["GET"]}}],"collection":[{"href":"https:\/\/aicon-fest.pl\/index.php\/wp-json\/wp\/v2\/pages"}],"about":[{"href":"https:\/\/aicon-fest.pl\/index.php\/wp-json\/wp\/v2\/types\/page"}],"author":[{"embeddable":true,"href":"https:\/\/aicon-fest.pl\/index.php\/wp-json\/wp\/v2\/users\/1"}],"replies":[{"embeddable":true,"href":"https:\/\/aicon-fest.pl\/index.php\/wp-json\/wp\/v2\/comments?post=8491"}],"version-history":[{"count":62,"href":"https:\/\/aicon-fest.pl\/index.php\/wp-json\/wp\/v2\/pages\/8491\/revisions"}],"predecessor-version":[{"id":8983,"href":"https:\/\/aicon-fest.pl\/index.php\/wp-json\/wp\/v2\/pages\/8491\/revisions\/8983"}],"wp:attachment":[{"href":"https:\/\/aicon-fest.pl\/index.php\/wp-json\/wp\/v2\/media?parent=8491"}],"curies":[{"name":"wp","href":"https:\/\/api.w.org\/{rel}","templated":true}]}}