{"id":8468,"date":"2023-01-17T23:43:43","date_gmt":"2023-01-17T23:43:43","guid":{"rendered":"https:\/\/aicon-fest.pl\/?page_id=8468"},"modified":"2025-01-13T17:29:04","modified_gmt":"2025-01-13T17:29:04","slug":"regulamin-helperow","status":"publish","type":"page","link":"https:\/\/aicon-fest.pl\/index.php\/regulamin-helperow\/","title":{"rendered":"Regulamin Helper\u00f3w Aicon 2025"},"content":{"rendered":"<section class=\"wpb-content-wrapper\"><p>[vc_row type=&#8221;full-width-section&#8221; parallax=&#8221;tt_parallax&#8221; parallax_image=&#8221;8916&#8243;][vc_column animation=&#8221;rda_bounceIn&#8221;][vc_empty_space][vc_empty_space][vc_custom_heading text=&#8221;Regulamin Helper\u00f3w&#8221; font_container=&#8221;tag:h2|font_size:30|text_align:center|color:%232c3e50&#8243; google_fonts=&#8221;font_family:Lusitana%3Aregular%2C700|font_style:400%20regular%3A400%3Anormal&#8221; css=&#8221;.vc_custom_1705952745156{margin-bottom: 2px !important;}&#8221;]<style type=\"text\/css\" >#l_tw4czwk6ikit49z1a93e.sc_line ,#l_tw4czwk6ikit49z1a93e .sc_line { height:1px; background:;}#l_tw4czwk6ikit49z1a93e {margin:0px 0 0px 0; padding:0;}<\/style><div class=\"clearfix\"><\/div><div id=\"l_tw4czwk6ikit49z1a93e\"  class=\"sc_line rd_line_normal\" ><\/div>[vc_empty_space][vc_empty_space][\/vc_column][\/vc_row][vc_row type=&#8221;full-width-section&#8221; parallax=&#8221;tt_parallax&#8221; parallax_image=&#8221;8925&#8243;][vc_column animation=&#8221;rda_fadeIn&#8221;][vc_empty_space][vc_custom_heading text=&#8221;\u00a71 Wprowadzenie&#8221; font_container=&#8221;tag:h2|font_size:30|text_align:center|color:%232c3e50&#8243; google_fonts=&#8221;font_family:Lusitana%3Aregular%2C700|font_style:400%20regular%3A400%3Anormal&#8221; css=&#8221;.vc_custom_1736788527891{margin-bottom: 2px !important;}&#8221;]<style type=\"text\/css\" >#l_pvrkjvmk5gvrs5m6idof{width:276px;}#l_pvrkjvmk5gvrs5m6idof.sc_line ,#l_pvrkjvmk5gvrs5m6idof .sc_line { height:1px; background: #ffbabc; background: -moz-linear-gradient(90deg, #ffbabc 0%, #cae0d3 100%); background: -webkit-gradient(linear, left top, right bottom, color-stop(0%,#ffbabc), color-stop(100%,#cae0d3)); background: -webkit-linear-gradient(90deg, #ffbabc 0%,#cae0d3 100%); background: -o-linear-gradient(90deg, #ffbabc 0%,#cae0d3 100%); background: -ms-linear-gradient(90deg, #ffbabc 0%,#cae0d3 100%); background: linear-gradient(90deg, #ffbabc 0%,#cae0d3 100%);}#l_pvrkjvmk5gvrs5m6idof.sc_line ,#l_pvrkjvmk5gvrs5m6idof .sc_line{margin-left:auto!important; margin-right:auto!important;}#l_pvrkjvmk5gvrs5m6idof {margin:0px 0 3px 0; padding:0;}<\/style><div class=\"clearfix\"><\/div><div id=\"l_pvrkjvmk5gvrs5m6idof\"  class=\"sc_line rd_line_normal\" ><\/div>[vc_empty_space][\/vc_column][\/vc_row][vc_row][vc_column][vc_column_text]<span style=\"font-weight: 400;\"><strong>1.1<\/strong> Aicon 2025 (dalej zwany \u201cKonwentem\u201d) organizowany jest przez firm\u0119 Bora Bogus\u0142aw Rakowski. <\/span><\/p>\n<p><span style=\"font-weight: 400;\">Regulamin ten okre\u015bla zasady udzia\u0142u i obowi\u0105zki Helper\u00f3w na Konwencie. Przyjmuj\u0105c funkcj\u0119 Helpera, zgadzasz si\u0119 przestrzega\u0107 niniejszego regulaminu oraz wszelkich instrukcji i decyzji Organizatora.<\/span>[\/vc_column_text][\/vc_column][\/vc_row][vc_row type=&#8221;full-width-section&#8221; parallax=&#8221;tt_parallax&#8221; parallax_image=&#8221;8925&#8243;][vc_column animation=&#8221;rda_fadeIn&#8221;][vc_empty_space][vc_custom_heading text=&#8221;\u00a72 Zg\u0142oszenia&#8221; font_container=&#8221;tag:h2|font_size:30|text_align:center|color:%232c3e50&#8243; google_fonts=&#8221;font_family:Lusitana%3Aregular%2C700|font_style:400%20regular%3A400%3Anormal&#8221; css=&#8221;.vc_custom_1705952071605{margin-bottom: 2px !important;}&#8221;]<style type=\"text\/css\" >#l_rz3acbktqexnj6v8e2j5{width:276px;}#l_rz3acbktqexnj6v8e2j5.sc_line ,#l_rz3acbktqexnj6v8e2j5 .sc_line { height:1px; background: #ffbabc; background: -moz-linear-gradient(90deg, #ffbabc 0%, #cae0d3 100%); background: -webkit-gradient(linear, left top, right bottom, color-stop(0%,#ffbabc), color-stop(100%,#cae0d3)); background: -webkit-linear-gradient(90deg, #ffbabc 0%,#cae0d3 100%); background: -o-linear-gradient(90deg, #ffbabc 0%,#cae0d3 100%); background: -ms-linear-gradient(90deg, #ffbabc 0%,#cae0d3 100%); background: linear-gradient(90deg, #ffbabc 0%,#cae0d3 100%);}#l_rz3acbktqexnj6v8e2j5.sc_line ,#l_rz3acbktqexnj6v8e2j5 .sc_line{margin-left:auto!important; margin-right:auto!important;}#l_rz3acbktqexnj6v8e2j5 {margin:0px 0 3px 0; padding:0;}<\/style><div class=\"clearfix\"><\/div><div id=\"l_rz3acbktqexnj6v8e2j5\"  class=\"sc_line rd_line_normal\" ><\/div>[vc_empty_space][\/vc_column][\/vc_row][vc_row][vc_column][vc_column_text]<strong>2.1<\/strong> Osoby ch\u0119tne do pe\u0142nienia funkcji Helpera podczas Konwentu zobowi\u0105zani s\u0105 do dnia<strong> 20.02.2025r<\/strong> przes\u0142a\u0107 formularz zg\u0142oszeniowy dost\u0119pny na stronie wydarzenia.<br \/>\n<strong>2.2<\/strong> Organizator zastrzega sobie prawo do przed\u0142u\u017cenia terminu zg\u0142osze\u0144 w razie potrzeby.<br \/>\n<strong>2.3<\/strong> Przes\u0142anie zg\u0142oszenia nie gwarantuje automatycznego przyj\u0119cia. Wyb\u00f3r Helper\u00f3w jest dokonywany przez Organizator\u00f3w na podstawie okre\u015blonych kryteri\u00f3w (takich jak np. dyspozycyjno\u015b\u0107, do\u015bwiadczenie i umiej\u0119tno\u015bci).<br \/>\n<strong>2.4<\/strong> Do ko\u0144ca dnia<strong> 23.02.2025r<\/strong> Organizatorzy zobowi\u0105zuj\u0105 si\u0119 do przes\u0142ania maila z decyzj\u0105<br \/>\no przyj\u0119ciu lub odrzuceniu zg\u0142oszenia.<br \/>\n<strong>2.5<\/strong> Organizatorzy zastrzegaj\u0105 sobie prawo do odrzucenia zg\u0142osze\u0144 bez podawania<br \/>\nprzyczyny.[\/vc_column_text][\/vc_column][\/vc_row][vc_row type=&#8221;full-width-section&#8221; parallax=&#8221;tt_parallax&#8221; parallax_image=&#8221;8925&#8243;][vc_column animation=&#8221;rda_fadeIn&#8221;][vc_empty_space][vc_custom_heading text=&#8221;\u00a73 Warunki Uczestnictwa&#8221; font_container=&#8221;tag:h2|font_size:30|text_align:center|color:%232c3e50&#8243; google_fonts=&#8221;font_family:Lusitana%3Aregular%2C700|font_style:400%20regular%3A400%3Anormal&#8221; css=&#8221;.vc_custom_1705952161758{margin-bottom: 2px !important;}&#8221;]<style type=\"text\/css\" >#l_wrkkimsrx81om2ycv50q{width:276px;}#l_wrkkimsrx81om2ycv50q.sc_line ,#l_wrkkimsrx81om2ycv50q .sc_line { height:1px; background: #ffbabc; background: -moz-linear-gradient(90deg, #ffbabc 0%, #cae0d3 100%); background: -webkit-gradient(linear, left top, right bottom, color-stop(0%,#ffbabc), color-stop(100%,#cae0d3)); background: -webkit-linear-gradient(90deg, #ffbabc 0%,#cae0d3 100%); background: -o-linear-gradient(90deg, #ffbabc 0%,#cae0d3 100%); background: -ms-linear-gradient(90deg, #ffbabc 0%,#cae0d3 100%); background: linear-gradient(90deg, #ffbabc 0%,#cae0d3 100%);}#l_wrkkimsrx81om2ycv50q.sc_line ,#l_wrkkimsrx81om2ycv50q .sc_line{margin-left:auto!important; margin-right:auto!important;}#l_wrkkimsrx81om2ycv50q {margin:0px 0 3px 0; padding:0;}<\/style><div class=\"clearfix\"><\/div><div id=\"l_wrkkimsrx81om2ycv50q\"  class=\"sc_line rd_line_normal\" ><\/div>[vc_empty_space][\/vc_column][\/vc_row][vc_row][vc_column][vc_column_text]<strong>3.1<\/strong> Osoby ubiegaj\u0105ce si\u0119 o pe\u0142nienie funkcji Helpera musz\u0105 najp\u00f3\u017aniej w dniu wydarzenia<br \/>\nmie\u0107 uko\u0144czone <strong>16 lat.<\/strong><br \/>\n<strong>3.2<\/strong> Osoby ubiegaj\u0105ce si\u0119 o pe\u0142nienie funkcji Helpera zobowi\u0105zane s\u0105 do wp\u0142acenia kaucji<br \/>\nw postaci 100z\u0142 (s\u0142ownie: sto z\u0142otych zero groszy), got\u00f3wk\u0105, na miejscu w pi\u0105tek<br \/>\n<strong>21.03.2025r.<\/strong> Kwota ta zostanie zwr\u00f3cona po zako\u0144czeniu konwentu osobom przyj\u0119tym do<br \/>\npe\u0142nienia tej funkcji, kt\u00f3re wywi\u0105\u017c\u0105 si\u0119 z przydzielonych im obowi\u0105zk\u00f3w.<br \/>\n<strong>3.3<\/strong> Bilet na konwent zakupiony, przez osoby, kt\u00f3rych zg\u0142oszenie zosta\u0142o zaakceptowane<br \/>\nmo\u017cna zwr\u00f3ci\u0107 i poprosi\u0107 o zwrot pieni\u0119dzy za niego nie p\u00f3\u017aniej ni\u017c do ko\u0144ca dnia<br \/>\n<strong>20.03.2025r<\/strong> pod adresem <strong>tsuru.bilet@gmail.com<\/strong> (Zakupiony bilet na konwent nie jest odpowiednikiem kaucji, a zwrot za niego na miejscu jest du\u017co bardziej skomplikowany od zwrotu samej kaucji)[\/vc_column_text][\/vc_column][\/vc_row][vc_row type=&#8221;full-width-section&#8221; parallax=&#8221;tt_parallax&#8221; parallax_image=&#8221;8925&#8243;][vc_column animation=&#8221;rda_fadeIn&#8221;][vc_empty_space][vc_custom_heading text=&#8221;\u00a74 Zobowi\u0105zania Helper\u00f3w&#8221; font_container=&#8221;tag:h2|font_size:30|text_align:center|color:%232c3e50&#8243; google_fonts=&#8221;font_family:Lusitana%3Aregular%2C700|font_style:400%20regular%3A400%3Anormal&#8221; css=&#8221;.vc_custom_1705952224936{margin-bottom: 2px !important;}&#8221;]<style type=\"text\/css\" >#l_rgcm31t989f5m5qczhsh{width:276px;}#l_rgcm31t989f5m5qczhsh.sc_line ,#l_rgcm31t989f5m5qczhsh .sc_line { height:1px; background: #ffbabc; background: -moz-linear-gradient(90deg, #ffbabc 0%, #cae0d3 100%); background: -webkit-gradient(linear, left top, right bottom, color-stop(0%,#ffbabc), color-stop(100%,#cae0d3)); background: -webkit-linear-gradient(90deg, #ffbabc 0%,#cae0d3 100%); background: -o-linear-gradient(90deg, #ffbabc 0%,#cae0d3 100%); background: -ms-linear-gradient(90deg, #ffbabc 0%,#cae0d3 100%); background: linear-gradient(90deg, #ffbabc 0%,#cae0d3 100%);}#l_rgcm31t989f5m5qczhsh.sc_line ,#l_rgcm31t989f5m5qczhsh .sc_line{margin-left:auto!important; margin-right:auto!important;}#l_rgcm31t989f5m5qczhsh {margin:0px 0 3px 0; padding:0;}<\/style><div class=\"clearfix\"><\/div><div id=\"l_rgcm31t989f5m5qczhsh\"  class=\"sc_line rd_line_normal\" ><\/div>[vc_empty_space][\/vc_column][\/vc_row][vc_row][vc_column][vc_column_text]<strong>4.1<\/strong> Helperzy zobowi\u0105zuj\u0105 si\u0119 do pe\u0142nienia przydzielonych dy\u017cur\u00f3w oraz wykonywania polece\u0144 Organizator\u00f3w.<br \/>\n<strong>4.2<\/strong> Helperzy zobowi\u0105zuj\u0105 si\u0119 do przestrzegania harmonogramu dy\u017cur\u00f3w oraz bycia dyspozycyjnymi poza oficjalnymi godzinami dy\u017cur\u00f3w w wyj\u0105tkowych sytuacjach.<br \/>\n<strong>4.3<\/strong> Helperzy zobowi\u0105zuj\u0105 si\u0119 do kulturalnego zachowania wobec uczestnik\u00f3w Konwentu oraz do s\u0142u\u017cenia im pomoc\u0105 w razie potrzeby.<br \/>\n<strong>4.4<\/strong> Helperzy zobowi\u0105zani s\u0105 do dbania o swoje samopoczucie i odpoczynku w<br \/>\nprzeznaczonym do tego czasie w celu unikni\u0119cia niebezpiecznych sytuacji (np. zas\u0142abni\u0119\u0107, odwodnie\u0144, migren).<br \/>\n<strong>4.5<\/strong> Helperzy zobowi\u0105zani s\u0105 do natychmiastowego poinformowania Organizator\u00f3w o swoim lub cudzym z\u0142ym stanie zdrowia jak i w przypadku zaobserwowania jakiegokolwiek wypadku na terenie Konwentu.<\/p>\n<p><strong>4.6<\/strong> Helperzy zobowi\u0105zani s\u0105 do natychmiastowego poinformowania Organizator\u00f3w o<br \/>\nwszelakich zauwa\u017conych na Konwencie incydentach dotycz\u0105cych zniszczenie mienia oraz o<br \/>\nsytuacjach lub osobach zagra\u017caj\u0105cych bezpiecze\u0144stwu uczestnik\u00f3w.<br \/>\n<strong>4.7<\/strong> Helperzy zobowi\u0105zani s\u0105 do noszenia dostarczonej im koszulki funkcyjnej z napisem helper.<br \/>\n<strong>4.8<\/strong> Helperzy zobowi\u0105zani s\u0105 do korzystania z platform stworzonych do szybkiej komunikacji mi\u0119dzy Helperami a Organizatorami m.in. Discord, Facebook.[\/vc_column_text][\/vc_column][\/vc_row][vc_row type=&#8221;full-width-section&#8221; parallax=&#8221;tt_parallax&#8221; parallax_image=&#8221;8925&#8243;][vc_column animation=&#8221;rda_fadeIn&#8221;][vc_empty_space][vc_custom_heading text=&#8221;\u00a75 Przywileje Helper\u00f3w&#8221; font_container=&#8221;tag:h2|font_size:30|text_align:center|color:%232c3e50&#8243; google_fonts=&#8221;font_family:Lusitana%3Aregular%2C700|font_style:400%20regular%3A400%3Anormal&#8221; css=&#8221;.vc_custom_1705952247533{margin-bottom: 2px !important;}&#8221;]<style type=\"text\/css\" >#l_8cnhl14ct79qrnfu5jg5{width:276px;}#l_8cnhl14ct79qrnfu5jg5.sc_line ,#l_8cnhl14ct79qrnfu5jg5 .sc_line { height:1px; background: #ffbabc; background: -moz-linear-gradient(90deg, #ffbabc 0%, #cae0d3 100%); background: -webkit-gradient(linear, left top, right bottom, color-stop(0%,#ffbabc), color-stop(100%,#cae0d3)); background: -webkit-linear-gradient(90deg, #ffbabc 0%,#cae0d3 100%); background: -o-linear-gradient(90deg, #ffbabc 0%,#cae0d3 100%); background: -ms-linear-gradient(90deg, #ffbabc 0%,#cae0d3 100%); background: linear-gradient(90deg, #ffbabc 0%,#cae0d3 100%);}#l_8cnhl14ct79qrnfu5jg5.sc_line ,#l_8cnhl14ct79qrnfu5jg5 .sc_line{margin-left:auto!important; margin-right:auto!important;}#l_8cnhl14ct79qrnfu5jg5 {margin:0px 0 3px 0; padding:0;}<\/style><div class=\"clearfix\"><\/div><div id=\"l_8cnhl14ct79qrnfu5jg5\"  class=\"sc_line rd_line_normal\" ><\/div>[vc_empty_space][\/vc_column][\/vc_row][vc_row][vc_column][vc_column_text]5.1 Helperom przys\u0142uguje:<\/p>\n<p>&#8211; zwrot kaucji wp\u0142aconej na wej\u015bciu po zako\u0144czeniu konwentu i wywi\u0105zaniu si\u0119 z przydzielonych obowi\u0105zk\u00f3w,<br \/>\n&#8211; wy\u017cywienie,<br \/>\n&#8211; pakiet gad\u017cet\u00f3w,<br \/>\n&#8211; koszulka Helpera,<br \/>\n&#8211; sleeproom dedykowany tylko dla Helper\u00f3w,<br \/>\n&#8211; dost\u0119p do prysznica,<br \/>\n&#8211; dopasowanie w miar\u0119 mo\u017cliwo\u015bci dy\u017cur\u00f3w tak by mogli skorzysta\u0107 z mo\u017cliwie jak najwi\u0119kszej ilo\u015bci atrakcji, kt\u00f3re ich interesuj\u0105,<br \/>\n&#8211; dost\u0119p do tzw \u201chelp room\u2019u\u201d gdzie mo\u017cna odpocz\u0105\u0107, zje\u015b\u0107 itp.<br \/>\n&#8211; na pro\u015bb\u0119 Helpera mo\u017ce zosta\u0107 mu wydane za\u015bwiadczenie o wolontariacie[\/vc_column_text][\/vc_column][\/vc_row][vc_row type=&#8221;full-width-section&#8221; parallax=&#8221;tt_parallax&#8221; parallax_image=&#8221;8925&#8243;][vc_column animation=&#8221;rda_fadeIn&#8221;][vc_empty_space][vc_custom_heading text=&#8221;\u00a76 Obowi\u0105zki Helper\u00f3w&#8221; font_container=&#8221;tag:h2|font_size:30|text_align:center|color:%232c3e50&#8243; google_fonts=&#8221;font_family:Lusitana%3Aregular%2C700|font_style:400%20regular%3A400%3Anormal&#8221; css=&#8221;.vc_custom_1705952506555{margin-bottom: 2px !important;}&#8221;]<style type=\"text\/css\" >#l_w4o8fqrmzr4qoc35jiu7{width:276px;}#l_w4o8fqrmzr4qoc35jiu7.sc_line ,#l_w4o8fqrmzr4qoc35jiu7 .sc_line { height:1px; background: #ffbabc; background: -moz-linear-gradient(90deg, #ffbabc 0%, #cae0d3 100%); background: -webkit-gradient(linear, left top, right bottom, color-stop(0%,#ffbabc), color-stop(100%,#cae0d3)); background: -webkit-linear-gradient(90deg, #ffbabc 0%,#cae0d3 100%); background: -o-linear-gradient(90deg, #ffbabc 0%,#cae0d3 100%); background: -ms-linear-gradient(90deg, #ffbabc 0%,#cae0d3 100%); background: linear-gradient(90deg, #ffbabc 0%,#cae0d3 100%);}#l_w4o8fqrmzr4qoc35jiu7.sc_line ,#l_w4o8fqrmzr4qoc35jiu7 .sc_line{margin-left:auto!important; margin-right:auto!important;}#l_w4o8fqrmzr4qoc35jiu7 {margin:0px 0 3px 0; padding:0;}<\/style><div class=\"clearfix\"><\/div><div id=\"l_w4o8fqrmzr4qoc35jiu7\"  class=\"sc_line rd_line_normal\" ><\/div>[vc_empty_space][\/vc_column][\/vc_row][vc_row][vc_column][vc_column_text]6.1 Do obowi\u0105zk\u00f3w Helper\u00f3w nale\u017c\u0105:<br \/>\n&#8211; przybycie na teren Konwentu w przeddzie\u0144 Konwentu <strong>(pi\u0105tek, 21.03.2025r.)<\/strong> i zaakredytowanie si\u0119.<br \/>\n&#8211; stawianie si\u0119 na zbi\u00f3rkach informacyjnych zwo\u0142anych przez Organizator\u00f3w,<br \/>\n&#8211; przebywanie na terenie Konwentu przez ca\u0142y czas jego trwania oraz podczas<br \/>\nprzygotowa\u0144 Konwentu i sprz\u0105taniu po jego zako\u0144czeniu (<strong>oko\u0142o od 17:00 21.03.2025r do 17:00 23.03.2025r )<\/strong><br \/>\n&#8211; znajomo\u015b\u0107 planu budynku, w kt\u00f3rym odbywa si\u0119 konwent (ze szczeg\u00f3lnym naciskiem na umiejscowienie ochrony i medyk\u00f3w)<br \/>\n&#8211; stosowanie si\u0119 do wszystkich podpunkt\u00f3w zawartych w paragrafie \u00a74 Zobowi\u0105zania Helper\u00f3w,<br \/>\n&#8211; odbieranie telefon\u00f3w od Organizator\u00f3w w czasie trwania Konwentu (numery do os\u00f3b, kt\u00f3re mog\u0105 dzwoni\u0107 zostan\u0105 uprzednio podane do informacji),<br \/>\n&#8211; dbanie o dobry wizerunek Konwentu i nie dzia\u0142anie na jego niekorzy\u015b\u0107.<br \/>\n&#8211; specjalne s\u0142owo do wpisania w ostatnim pytaniu formularza zg\u0142oszeniowego dla helper\u00f3w to \u201cPawe\u0142 Jumper\u201d,<\/p>\n<p>&nbsp;<\/p>\n<p><strong>6.2 Ka\u017cdy Helper ma obowi\u0105zek do przedstawienia za\u015bwiadczenia<\/strong> o<br \/>\nniekaralno\u015bci, kt\u00f3re uzyska\u0107 mo\u017cna po z\u0142o\u017ceniu wniosku w Krajowym<br \/>\nRejestrze Karnym (KRK). Za\u015bwiadczenie nale\u017cy mie\u0107 przy sobie w formie fizycznej, aby m\u00f3c je przedstawi\u0107 odpowiednim organom w momencie niezapowiedzianej kontroli.[\/vc_column_text][\/vc_column][\/vc_row][vc_row type=&#8221;full-width-section&#8221; parallax=&#8221;tt_parallax&#8221; parallax_image=&#8221;8925&#8243;][vc_column animation=&#8221;rda_fadeIn&#8221;][vc_empty_space][vc_custom_heading text=&#8221;\u00a77 Helperom zabrania si\u0119:&#8221; font_container=&#8221;tag:h2|font_size:30|text_align:center|color:%232c3e50&#8243; google_fonts=&#8221;font_family:Lusitana%3Aregular%2C700|font_style:400%20regular%3A400%3Anormal&#8221; css=&#8221;.vc_custom_1705952546182{margin-bottom: 2px !important;}&#8221;]<style type=\"text\/css\" >#l_x2mq8qflw15vsuu3x98d{width:276px;}#l_x2mq8qflw15vsuu3x98d.sc_line ,#l_x2mq8qflw15vsuu3x98d .sc_line { height:1px; background: #ffbabc; background: -moz-linear-gradient(90deg, #ffbabc 0%, #cae0d3 100%); background: -webkit-gradient(linear, left top, right bottom, color-stop(0%,#ffbabc), color-stop(100%,#cae0d3)); background: -webkit-linear-gradient(90deg, #ffbabc 0%,#cae0d3 100%); background: -o-linear-gradient(90deg, #ffbabc 0%,#cae0d3 100%); background: -ms-linear-gradient(90deg, #ffbabc 0%,#cae0d3 100%); background: linear-gradient(90deg, #ffbabc 0%,#cae0d3 100%);}#l_x2mq8qflw15vsuu3x98d.sc_line ,#l_x2mq8qflw15vsuu3x98d .sc_line{margin-left:auto!important; margin-right:auto!important;}#l_x2mq8qflw15vsuu3x98d {margin:0px 0 3px 0; padding:0;}<\/style><div class=\"clearfix\"><\/div><div id=\"l_x2mq8qflw15vsuu3x98d\"  class=\"sc_line rd_line_normal\" ><\/div>[vc_empty_space][\/vc_column][\/vc_row][vc_row][vc_column][vc_column_text]\u2013 przekazywania identyfikatora lub\/i koszulki innym osobom,<br \/>\n\u2013 zdejmowania identyfikatora lub\/i koszulki w trakcie dy\u017curu,<br \/>\n\u2013 opuszczania terenu Konwentu bez uprzedniego powiadomienia Organizator\u00f3w,<br \/>\n\u2013 naprawiania czegokolwiek bez uprzedniego powiadomienia Organizator\u00f3w i bez wyra\u017anego polecenia,<br \/>\n&#8211; nieodpowiedniego zachowania w stosunku do innych helper\u00f3w\/helperek, w tym u\u017cywania w stosunku do nich niestosownych komentarzy lub dotykania bez zgody\/ notorycznego naruszania ich strefy personalnej.[\/vc_column_text][\/vc_column][\/vc_row][vc_row type=&#8221;full-width-section&#8221; parallax=&#8221;tt_parallax&#8221; parallax_image=&#8221;8925&#8243;][vc_column animation=&#8221;rda_fadeIn&#8221;][vc_empty_space][vc_custom_heading text=&#8221;\u00a78 Postanowienia ko\u0144cowe&#8221; font_container=&#8221;tag:h2|font_size:30|text_align:center|color:%232c3e50&#8243; google_fonts=&#8221;font_family:Lusitana%3Aregular%2C700|font_style:400%20regular%3A400%3Anormal&#8221; css=&#8221;.vc_custom_1705952621009{margin-bottom: 2px !important;}&#8221;]<style type=\"text\/css\" >#l_rn4dxsg6m2655rjqlmek{width:276px;}#l_rn4dxsg6m2655rjqlmek.sc_line ,#l_rn4dxsg6m2655rjqlmek .sc_line { height:1px; background: #ffbabc; background: -moz-linear-gradient(90deg, #ffbabc 0%, #cae0d3 100%); background: -webkit-gradient(linear, left top, right bottom, color-stop(0%,#ffbabc), color-stop(100%,#cae0d3)); background: -webkit-linear-gradient(90deg, #ffbabc 0%,#cae0d3 100%); background: -o-linear-gradient(90deg, #ffbabc 0%,#cae0d3 100%); background: -ms-linear-gradient(90deg, #ffbabc 0%,#cae0d3 100%); background: linear-gradient(90deg, #ffbabc 0%,#cae0d3 100%);}#l_rn4dxsg6m2655rjqlmek.sc_line ,#l_rn4dxsg6m2655rjqlmek .sc_line{margin-left:auto!important; margin-right:auto!important;}#l_rn4dxsg6m2655rjqlmek {margin:0px 0 3px 0; padding:0;}<\/style><div class=\"clearfix\"><\/div><div id=\"l_rn4dxsg6m2655rjqlmek\"  class=\"sc_line rd_line_normal\" ><\/div>[vc_empty_space][\/vc_column][\/vc_row][vc_row][vc_column][vc_column_text]8.1 Organizator zastrzega sobie prawo do zmiany niniejszego regulaminu bez<br \/>\nwcze\u015bniejszego informowania Helper\u00f3w. Aktualna wersja regulaminu b\u0119dzie dost\u0119pna na stronie internetowej Konwentu.<br \/>\n8.2 Wszelkie kwestie sporne nieuregulowane w regulaminie rozstrzygane b\u0119d\u0105 przez Organizator\u00f3w.<\/p>\n<p><b>Wszelkie pytania i uwagi prosimy kierowa\u0107 na adres e-mail tsuru.helper@gmail.com<\/b>[\/vc_column_text][\/vc_column][\/vc_row]<\/p>\n<\/section>","protected":false},"excerpt":{"rendered":"<p>[vc_row type=&#8221;full-width-section&#8221; parallax=&#8221;tt_parallax&#8221; parallax_image=&#8221;8916&#8243;][vc_column animation=&#8221;rda_bounceIn&#8221;][vc_empty_space][vc_empty_space][vc_custom_heading text=&#8221;Regulamin Helper\u00f3w&#8221; font_container=&#8221;tag:h2|font_size:30|text_align:center|color:%232c3e50&#8243; google_fonts=&#8221;font_family:Lusitana%3Aregular%2C700|font_style:400%20regular%3A400%3Anormal&#8221; css=&#8221;.vc_custom_1705952745156{margin-bottom: 2px !important;}&#8221;][vc_empty_space][vc_empty_space][\/vc_column][\/vc_row][vc_row type=&#8221;full-width-section&#8221; parallax=&#8221;tt_parallax&#8221; parallax_image=&#8221;8925&#8243;][vc_column animation=&#8221;rda_fadeIn&#8221;][vc_empty_space][vc_custom_heading text=&#8221;\u00a71 Wprowadzenie&#8221; font_container=&#8221;tag:h2|font_size:30|text_align:center|color:%232c3e50&#8243; google_fonts=&#8221;font_family:Lusitana%3Aregular%2C700|font_style:400%20regular%3A400%3Anormal&#8221; css=&#8221;.vc_custom_1736788527891{margin-bottom: 2px !important;}&#8221;][vc_empty_space][\/vc_column][\/vc_row][vc_row][vc_column][vc_column_text]1.1 Aicon 2025 (dalej zwany \u201cKonwentem\u201d) organizowany jest przez firm\u0119 Bora Bogus\u0142aw Rakowski. Regulamin ten okre\u015bla zasady udzia\u0142u i obowi\u0105zki Helper\u00f3w na Konwencie. Przyjmuj\u0105c funkcj\u0119 Helpera, zgadzasz si\u0119 przestrzega\u0107 niniejszego regulaminu oraz wszelkich<br \/><a href=\"https:\/\/aicon-fest.pl\/index.php\/regulamin-helperow\/\" class=\"more\">Read more<\/a><\/p>\n","protected":false},"author":1,"featured_media":0,"parent":0,"menu_order":0,"comment_status":"closed","ping_status":"closed","template":"","meta":{"footnotes":""},"class_list":["post-8468","page","type-page","status-publish","hentry"],"_links":{"self":[{"href":"https:\/\/aicon-fest.pl\/index.php\/wp-json\/wp\/v2\/pages\/8468","targetHints":{"allow":["GET"]}}],"collection":[{"href":"https:\/\/aicon-fest.pl\/index.php\/wp-json\/wp\/v2\/pages"}],"about":[{"href":"https:\/\/aicon-fest.pl\/index.php\/wp-json\/wp\/v2\/types\/page"}],"author":[{"embeddable":true,"href":"https:\/\/aicon-fest.pl\/index.php\/wp-json\/wp\/v2\/users\/1"}],"replies":[{"embeddable":true,"href":"https:\/\/aicon-fest.pl\/index.php\/wp-json\/wp\/v2\/comments?post=8468"}],"version-history":[{"count":15,"href":"https:\/\/aicon-fest.pl\/index.php\/wp-json\/wp\/v2\/pages\/8468\/revisions"}],"predecessor-version":[{"id":8942,"href":"https:\/\/aicon-fest.pl\/index.php\/wp-json\/wp\/v2\/pages\/8468\/revisions\/8942"}],"wp:attachment":[{"href":"https:\/\/aicon-fest.pl\/index.php\/wp-json\/wp\/v2\/media?parent=8468"}],"curies":[{"name":"wp","href":"https:\/\/api.w.org\/{rel}","templated":true}]}}