{"id":8435,"date":"2023-01-17T22:05:35","date_gmt":"2023-01-17T22:05:35","guid":{"rendered":"https:\/\/aicon-fest.pl\/?page_id=8435"},"modified":"2025-01-19T21:08:32","modified_gmt":"2025-01-19T21:08:32","slug":"regulamin-wystawcow","status":"publish","type":"page","link":"https:\/\/aicon-fest.pl\/index.php\/regulamin-wystawcow\/","title":{"rendered":"Regulamin Wystawc\u00f3w"},"content":{"rendered":"\n<div style=\"height:100px\" aria-hidden=\"true\" class=\"wp-block-spacer\"><\/div>\n\n\n\n<p class=\"has-text-align-center has-medium-font-size\"><strong>Regulamin Wystawc\u00f3w Aicon 2025<\/strong><\/p>\n\n\n\n<div style=\"height:100px\" aria-hidden=\"true\" class=\"wp-block-spacer\"><\/div>\n\n\n\n<p class=\"has-text-align-center has-medium-font-size\"><strong>Informacje podstawowe<\/strong><\/p>\n\n\n\n<div style=\"height:100px\" aria-hidden=\"true\" class=\"wp-block-spacer\"><\/div>\n\n\n\n<div style=\"height:100px\" aria-hidden=\"true\" class=\"wp-block-spacer\"><\/div>\n\n\n\n<p><strong>1. <\/strong>Organizatorem imprezy Aicon 2025 w Rybniku jest firma BORA Bogus\u0142aw Rakowski ze swoj\u0105 siedzib\u0105 w Radlinie, nazywana dalej Organizatorem.<\/p>\n\n\n\n<p><strong>2. <\/strong>Zg\u0142oszenia na Wystawc\u0119 odbywa\u0107 si\u0119 b\u0119d\u0105 poprzez formularz zg\u0142oszeniowy znajduj\u0105cy si\u0119:<a href=\"https:\/\/tsuru-fest.pl\/zgloszenia-dla-wystawcow\/\"> <\/a><a href=\"https:\/\/aicon-fest.pl\/index.php\/zgloszenia-2\/\">https:\/\/aicon-fest.pl\/index.php\/zgloszenia-2\/<\/a><\/p>\n\n\n\n<p><strong>3.<\/strong> Zg\u0142oszenia na Wystawc\u00f3w b\u0119d\u0105 przyjmowane w dniach od <strong>20.01.2025 do 21.02.2025 roku<\/strong><strong>.<\/strong> Organizator zastrzega sobie prawo do wyd\u0142u\u017cenia terminu przyjmowania zg\u0142osze\u0144.<\/p>\n\n\n\n<p><strong>4.<\/strong> Ka\u017cdy Wystawca w momencie wys\u0142ania zg\u0142oszenia akceptuj\u0119 Regulamin Wystawc\u00f3w. W trakcie trwania imprezy Aicon 2025 ka\u017cdy Wystawca b\u0119dzie zobligowany pisemnego potwierdzenia, \u017ce zapozna\u0142 si\u0119 z tre\u015bci\u0105 Regulaminu.<\/p>\n\n\n\n<div style=\"height:100px\" aria-hidden=\"true\" class=\"wp-block-spacer\"><\/div>\n\n\n\n<p class=\"has-text-align-center has-medium-font-size\"><strong>Zg\u0142aszanie stoisk<\/strong><\/p>\n\n\n\n<div style=\"height:100px\" aria-hidden=\"true\" class=\"wp-block-spacer\"><\/div>\n\n\n\n<p><strong>5.<\/strong> Po wys\u0142aniu zg\u0142oszenia ka\u017cdy z Wystawc\u00f3w zostanie poinformowany drog\u0105 mailow\u0105 o przyj\u0119ciu zg\u0142oszenia przez Organizatora. <strong>Samo przyj\u0119cie zg\u0142oszenia nie oznacza pozytywnego zatwierdzenia wniosku.<\/strong><\/p>\n\n\n\n<p><strong>6. <\/strong>Informacje o pozytywnym lub negatywnym rozpatrzeniu wniosku zostan\u0105 przes\u0142ane na wskazany we wniosku adres e-mail. Decyzja Organizatora zostanie wydana do<strong> <\/strong><strong>24 lutego 2025 roku<\/strong>.<\/p>\n\n\n\n<p><strong>7.<\/strong> Jako, \u017ce jeste\u015bmy uzale\u017cnieni od sto\u0142\u00f3w \/ \u0142awek, kt\u00f3re udost\u0119pnia nam szko\u0142a <strong>nie jeste\u015bmy w stanie zagwarantowa\u0107 jednego wymiaru wynajmowanych szkolnych \u0142awek<\/strong>. Ich wymiary wahaj\u0105 si\u0119 od <strong>120cm do 180cm <\/strong>d\u0142ugo\u015bci, oraz <strong>45cm do 80cm <\/strong>szeroko\u015bci. <strong>Wi\u0119kszo\u015b\u0107 \u0142awek ma typowe wymiary \u0142awki szkolnej<\/strong>, czyli oko\u0142o 120 lub 150cm d\u0142ugo\u015bci i 50cm szeroko\u015bci. Je\u015bli jednak z jakiego\u015b powodu masz takie, a nie inne potrzeby wystawowe i musisz otrzyma\u0107 st\u00f3\u0142 co najmniej o danej wielko\u015bci np. szeroko\u015bci w cm \u2013 <strong>koniecznie <\/strong>powiadom nas o tym w formularzu zg\u0142oszeniowym.<\/p>\n\n\n\n<p>&nbsp;Nie jeste\u015bmy w stanie niczego obieca\u0107, jednak postaramy si\u0119 zrobi\u0107 wtedy co w naszej mocy, by taki stolik Ci na miejscu zapewni\u0107.<\/p>\n\n\n\n<p><strong>8. <\/strong>Koszty wynaj\u0119cia jednej \u0142awki szkolnej s\u0105 nast\u0119puj\u0105ce:<\/p>\n\n\n\n<p><strong>Firmy:<\/strong> 340 z\u0142 \/ 1 \u0142awka<\/p>\n\n\n\n<p><strong>Stoiska handmade:<\/strong> 200 z\u0142 \/ 1 \u0142awka<\/p>\n\n\n\n<p><strong>Stoiska gastronomiczne<\/strong> b\u0119d\u0105 rozliczane indywidualne. <strong>Prosimy o kontakt drog\u0105 mailow\u0105.<\/strong><\/p>\n\n\n\n<p><strong>9. <\/strong>Je\u017celi potrzebujesz dost\u0119p do pr\u0105du to koniecznie musisz nas o tym poinformowa\u0107 w formularzu zg\u0142oszeniowym. Dost\u0119p do pr\u0105du jest odp\u0142atny i jego koszt wynosi 50 z\u0142.<\/p>\n\n\n\n<p><strong>10.<\/strong> Wej\u015bci\u00f3wki dla wystawc\u00f3w oraz krzes\u0142a na stoisku:<\/p>\n\n\n\n<p>Ilo\u015b\u0107 darmowych wej\u015bci\u00f3wek jak r\u00f3wnie\u017c i krzese\u0142 udost\u0119pnionych wystawcom uzale\u017cniona jest od ilo\u015bci wynaj\u0119tych \u0142awek<\/p>\n\n\n\n<p><strong>1 \u2013 3 \u0142awki<\/strong> \u2013 1 wej\u015bci\u00f3wka \/ 1 krzes\u0142o<\/p>\n\n\n\n<p><strong>4 \u2013 6 \u0142awek<\/strong> \u2013 2 darmowe wej\u015bci\u00f3wki \/ 2 krzes\u0142a<\/p>\n\n\n\n<p><strong>7 \u2013 wi\u0119cej \u0142awek<\/strong> \u2013 3 darmowe wej\u015bci\u00f3wki \/ 3 krzes\u0142a<\/p>\n\n\n\n<p>Istnieje mo\u017cliwo\u015b\u0107 dokupienia dodatkowych krzese\u0142 i wej\u015bci\u00f3wek<\/p>\n\n\n\n<p><strong>&nbsp;1 krzes\u0142o = 30 z\u0142<\/strong><\/p>\n\n\n\n<p><strong>&nbsp;1 wej\u015bci\u00f3wka = 70 z\u0142<\/strong><\/p>\n\n\n\n<p>Informacje o dodatkowych krzes\u0142ach i wej\u015bci\u00f3wkach prosimy podawa\u0107 w formularzu.<\/p>\n\n\n\n<p><strong>11.<\/strong> Minimalna ilo\u015b\u0107 wynaj\u0119tych \u0142awek to 1 sztuka, natomiast maksymalna to 15 sztuk dla firm, oraz 4 sztuki dla stoisk Handmade. W przypadku ch\u0119ci wynaj\u0119cia wi\u0119kszej ilo\u015bci \u0142awek, nale\u017cy ustali\u0107 to drog\u0105 mailow\u0105 z Organizatorem.<\/p>\n\n\n\n<p><strong>12.<\/strong> Istnieje mo\u017cliwo\u015b\u0107 wystawienia faktury BEZ VAT za stoisko, po wcze\u015bniejszym poinformowaniu Organizatora.<\/p>\n\n\n\n<p><strong>13.<\/strong> Op\u0142at\u0119 za stoisko nale\u017cy ui\u015bci\u0107 przelewem bankowym <strong><em>do 7 dni, liczonych od dnia otrzymania faktury przez Organizatora.&nbsp;<\/em><\/strong><\/p>\n\n\n\n<p><strong>14.<\/strong> Wszelkie pro\u015bby o zmian\u0119 terminu p\u0142atno\u015bci za stoisko nale\u017cy koniecznie zawrze\u0107 w ramach informacji dodatkowych do zg\u0142oszenia. Takie szczeg\u00f3lne przypadki Organizator b\u0119dzie rozpatrywa\u0142 indywidualnie.<\/p>\n\n\n\n<p><strong>15.<\/strong> <strong>Wystawca ma obowi\u0105zek starannie i szczeg\u00f3\u0142owo wype\u0142ni\u0107 formularz zg\u0142oszeniowy.<\/strong> Pomini\u0119cie istotnych kwestii mo\u017ce skutkowa\u0107 brakiem mo\u017cliwo\u015bci zapewnienia przestrzeni wystawowej z czego Organizator b\u0119dzie ca\u0142kowicie zwolniony z odpowiedzialno\u015bci.<\/p>\n\n\n\n<p><strong>16. <\/strong>W ramach informacji dodatkowych Wystawca mo\u017ce zawrze\u0107 informacje dotycz\u0105ce preferowanej przez siebie przestrzeni wystawowej (pi\u0119tro, s\u0105siedztwo innych wystawc\u00f3w itp.)<\/p>\n\n\n\n<p><strong>17.<\/strong> W formularzu zg\u0142oszeniowym Wystawca jest zobowi\u0105zany do podania prawdziwych danych osobowych os\u00f3b, kt\u00f3re b\u0119d\u0105 pracowa\u0142y na stoisku w czasie trwania imprezy.<\/p>\n\n\n\n<p><strong>18. <\/strong>Wszystkie wnioski oraz problemy w trakcie konwentu Wystawcy b\u0119d\u0105 mogli zg\u0142asza\u0107 do Organizatora ds. Wystawc\u00f3w na numer telefonu: 534 666 567.<\/p>\n\n\n\n<p><strong>19. <\/strong>Organizator zastrzega sobie prawo do odmowy wynajmu stoiska Wystawcy bez podawania przyczyny.<\/p>\n\n\n\n<p><strong>20. <\/strong>Pierwsze\u0144stwo w przyj\u0119ciu zg\u0142aszanych stoisk maj\u0105 firmy obj\u0119te wsp\u00f3\u0142prac\u0105 medialn\u0105, sponsorzy, jak i indywidualnie zaproszone stoiska.<\/p>\n\n\n\n<p><strong>21.<\/strong> Ka\u017cdy Wystawca ma obowi\u0105zek przestrzega\u0107 Regulaminu Imprezy jak i Regulaminu Wystawcy. Zachowanie niezgodne z zasadami imprezy mo\u017ce skutkowa\u0107 wydaleniem z jej terenu.<\/p>\n\n\n\n<p><strong>22. <\/strong>O miejscu, w kt\u00f3rym znajdowa\u0107 si\u0119 b\u0119dzie stoisko, decyduje Organizator i nie podlega ono zmianie. Zabrania si\u0119 tak\u017ce zamieniania miejscami z innymi Wystawcami bez wcze\u015bniejszego uzgodnienia tego faktu z Organizatorem.<\/p>\n\n\n\n<p><strong>23. <\/strong>Organizator zastrzega sobie prawo do zmiany miejsca stolik\u00f3w Wystawcy na konwencie w razie, gdy zajdzie taka potrzeba organizacyjna.<\/p>\n\n\n\n<p><strong>24. <\/strong>Organizator mo\u017ce zaproponowa\u0107 w przypadku du\u017cej liczby zg\u0142osze\u0144 przyj\u0119cie Wystawcy na list\u0119 rezerwow\u0105. Mo\u017cna te\u017c samemu wyrazi\u0107 ch\u0119\u0107 bycia wpisanym na tak\u0105 list\u0119 w formularzu zg\u0142oszeniowym lub poprzez maila tsuru.wystawcy@gmail.com.<\/p>\n\n\n\n<p>Wystawcy z listy rezerwowej otrzymaj\u0105 o potencjalnej mo\u017cliwo\u015bci sprzeda\u017cy na konwencie drog\u0105 mailow\u0105 w celu uzgodnienia szczeg\u00f3\u0142\u00f3w.<\/p>\n\n\n\n<p><strong>25. <\/strong>Wystawca mo\u017ce wystawia\u0107 towar i wyposa\u017cenie tylko w obr\u0119bie wynaj\u0119tego miejsca.<\/p>\n\n\n\n<p><strong>26. <\/strong>Wszelka ch\u0119\u0107 rozk\u0142adania p\u00f3\u0142ek, wieszak\u00f3w oraz dodatkowego asortymentu poza obr\u0119bem wynaj\u0119tych \u0142awek nale\u017cy zg\u0142osi\u0107 Organizatorowi wraz z ich wymiarami w formularzu zg\u0142oszeniowym. Inaczej istnieje du\u017ce prawdopodobie\u0144stwo, \u017ce na miejscu mo\u017ce nie by\u0107 przewidziana dla nich przestrze\u0144 i nie b\u0119dzie mo\u017cliwo\u015bci ich rozstawienia.<\/p>\n\n\n\n<p><strong>27.<\/strong> Wszystkie dodatkowe elementy stoiska takie jak rega\u0142y, stela\u017ce, standy, namioty i innego rodzaju wyposa\u017cenie nale\u017cy wymieni\u0107 w formularzu dodatkowym i poinformowa\u0107 o nim Organizatora ds. Wystawc\u00f3w.<\/p>\n\n\n\n<p><strong>28.<\/strong> Je\u017celi Wystawca pragnie przywie\u017a\u0107 w\u0142asne sto\u0142y nale\u017cy o tym poinformowa\u0107 Organizacj\u0119 w formularzu i uzgodni\u0107 szczeg\u00f3\u0142y indywidualnie drog\u0105 mailow\u0105. Jest to konieczne do poprawnego rozmieszczenia wszystkich stoisk.<\/p>\n\n\n\n<div style=\"height:100px\" aria-hidden=\"true\" class=\"wp-block-spacer\"><\/div>\n\n\n\n<p class=\"has-text-align-center has-medium-font-size\"><strong>Rozstawianie stoisk i sprzeda\u017c na konwencie<\/strong><\/p>\n\n\n\n<div style=\"height:100px\" aria-hidden=\"true\" class=\"wp-block-spacer\"><\/div>\n\n\n\n<p><strong>29.<\/strong> W momencie pojawienia si\u0119 na terenie imprezy, wszyscy Wystawcy zobligowani s\u0105 do przej\u015bcia przez proces akredytacyjny, w kt\u00f3rego trakcie potwierdzona zostanie ich to\u017csamo\u015b\u0107.<\/p>\n\n\n\n<p><strong>30.<\/strong> <strong>Ka\u017cdy Wystawca ma obowi\u0105zek do przedstawienia za\u015bwiadczenia o niekaralno\u015bci, kt\u00f3ry uzyska\u0107 mo\u017cna po z\u0142o\u017ceniu wniosku w Krajowym Rejestrze Karnym (KRK).<\/strong><\/p>\n\n\n\n<p><strong>31.<\/strong> Na teren konwentu Wystawcy mog\u0105 przyby\u0107 ju\u017c w pi\u0105tek. Konieczne jednak jest poinformowanie o takowej ch\u0119ci Organizacje w formularzu zg\u0142oszeniowym b\u0105d\u017a drog\u0105 mailow\u0105.<\/p>\n\n\n\n<p><strong>32.<\/strong> Ka\u017cdy Wystawca jest zobowi\u0105zany do podpisania protoko\u0142u zdawczo-odbiorczego, kt\u00f3ry zostanie mu przedstawiony przez Organizatora ds. Wystawc\u00f3w.<\/p>\n\n\n\n<p><strong>33. <\/strong>Wystawca zobowi\u0105zany jest przestrzega\u0107 przepis\u00f3w BHP i PPO\u017b.<\/p>\n\n\n\n<p><strong>34. <\/strong>Organizator nie bierze odpowiedzialno\u015bci za brak kasy fiskalnej lub status prawny sprzeda\u017cy prowadzonej przez Wystawc\u00f3w na konwencie.<\/p>\n\n\n\n<p><strong>35. <\/strong>Wystawca zobowi\u0105zuje si\u0119 do przestrzegania przepis\u00f3w prawa, w szczeg\u00f3lno\u015bci prawa dotycz\u0105cego dzia\u0142alno\u015bci gospodarczej, artystycznej oraz praw autorskich.<\/p>\n\n\n\n<p><strong>36. <\/strong>Obowi\u0105zki wynikaj\u0105ce z przepis\u00f3w prawa s\u0105 obowi\u0105zkami Wystawcy i Organizator nie ponosi odpowiedzialno\u015bci za ich niedope\u0142nienie.<\/p>\n\n\n\n<p><strong>37. <\/strong>Organizator nie bierze odpowiedzialno\u015bci za towar Wystawc\u00f3w pozostawiony bez opieki lub nades\u0142any kurierem oraz nie pokrywa koszt\u00f3w zwi\u0105zanych z zaginionym lub zniszczonym towarem.<\/p>\n\n\n\n<p><strong>38. <\/strong>Wystawca zobowi\u0105zuje si\u0119 do wystawiania towaru od 10:00 do min. 21:00 w sobot\u0119 oraz od 8:00 do 14:00 w niedziel\u0119. Wystawcy maj\u0105 obowi\u0105zek uprz\u0105tni\u0119cia stoiska <strong>do godziny 16:00 w niedziel\u0119.<\/strong><\/p>\n\n\n\n<p><strong>39. <\/strong>W nocy z soboty na niedziel\u0119 sprzeda\u017c jest mo\u017cliwa, ale nie jest wymagana.<\/p>\n\n\n\n<p><strong>40. <\/strong>Ch\u0119\u0107 szybszego opuszczenia konwentu nale\u017cy wcze\u015bniej zg\u0142osi\u0107 Organizatorowi. Je\u015bli wyniknie taka konieczno\u015b\u0107 na konwencie \u2013 nale\u017cy o tym fakcie tak\u017ce powiadomi\u0107.<\/p>\n\n\n\n<p><strong>41. <\/strong>Opu\u015bci\u0107 teren konwentu Wystawcy b\u0119d\u0105 mogli dopiero po wcze\u015bniejszym dope\u0142nieniu wszystkich formalno\u015bci.<\/p>\n\n\n\n<p><strong>42. <\/strong>Organizatorzy nie ponosz\u0105 odpowiedzialno\u015bci za zniszczenia b\u0105d\u017a kradzie\u017ce maj\u0105ce miejsce na terenie stoisk i nie pokrywaj\u0105 koszt\u00f3w zwi\u0105zanych ze skradzionym lub zaginionym towarem.<\/p>\n\n\n\n<p><strong>43. <\/strong>W sytuacji, gdy Organizator b\u0119dzie \u015bwiadkiem kradzie\u017cy, agresywnego zachowania lub zniszczenia towaru Wystawc\u00f3w- zobowi\u0105zuje si\u0119 on wyci\u0105gn\u0105\u0107 odpowiednie konsekwencje wobec os\u00f3b sprawiaj\u0105cych problemy.<\/p>\n\n\n\n<p><strong>44<\/strong>. Wystawcy maj\u0105 obowi\u0105zek utrzymywania czysto\u015bci na stoisku przez ca\u0142y okres trwania imprezy oraz pozostawienia w czysto\u015bci swojego stanowiska po zako\u0144czeniu sprzeda\u017cy. W przypadku pozostawienia po sobie \u015bmieci, karton\u00f3w itp. Wystawca zostanie obci\u0105\u017cony kosztami sprz\u0105tania i utylizacji pozostawionych po sobie przedmiot\u00f3w.<\/p>\n\n\n\n<p><strong>45. <\/strong>Na terenie stoiska obowi\u0105zuje zakaz sprzeda\u017cy:<\/p>\n\n\n\n<p>&#8211; alkoholu, wyrob\u00f3w tytoniowych i wszelkiego rodzaju szeroko poj\u0119tych u\u017cywek,<\/p>\n\n\n\n<p>&#8211; broni palnej, replik ASG i broni bia\u0142ej,<\/p>\n\n\n\n<p>&#8211; wszelkich produkt\u00f3w z nieautoryzowanymi grafikami,<\/p>\n\n\n\n<p>&#8211; ca\u0142kowity zakaz sprzeda\u017cy napoj\u00f3w energetycznych<\/p>\n\n\n\n<p>&#8211; pirackich kopii gier, film\u00f3w i oprogramowania,<\/p>\n\n\n\n<p>&#8211; produkt\u00f3w propaguj\u0105cych hejt, nienawi\u015b\u0107, ustroje totalitarne oraz znaki zakazane prawnie (swastyka, sierp, m\u0142ot itp.)<\/p>\n\n\n\n<p>&#8211; s\u0142odyczy oraz przek\u0105sek poza stoiskami wyznaczonymi, maj\u0105cymi indywidualne zezwolenie na to uzyskane od organizator\u00f3w<\/p>\n\n\n\n<p>&#8211; produkt\u00f3w zawieraj\u0105cych tre\u015bci przeznaczone tylko dla os\u00f3b doros\u0142ych (w tym: ahegao, hentai itp.),<\/p>\n\n\n\n<p>&#8211; produkt\u00f3w szeroko uznawanych za obel\u017cywe<\/p>\n\n\n\n<p>Organizator nie ponosi odpowiedzialno\u015bci za sprzeda\u017c nielicencjonowanych produkt\u00f3w przez Wystawc\u00f3w w czasie i na terenie wydarzenia.<\/p>\n\n\n\n<p><strong>46.<\/strong> W przypadku gdy Wystawca \u0142amie regulamin, Organizator ma prawo do wydalenia go z terenu imprezy bez zwrotu koszt\u00f3w wynajmu przestrzeni wystawowej.<\/p>\n\n\n\n<p><strong>47. <\/strong>W przypadku produkt\u00f3w budz\u0105cych kontrowersje, b\u0105d\u017a w\u0105tpliwo\u015bci \u2013 decyzja odno\u015bnie mo\u017cliwo\u015bci lub zaprzestania sprzeda\u017cy danego produktu ostatecznie nale\u017cy do Organizatora.<\/p>\n\n\n\n<p><strong>48. <\/strong>Wystawca zobowi\u0105zany jest do wypisania g\u0142\u00f3wnych towar\u00f3w, kt\u00f3re zamierza sprzedawa\u0107 w formularzu zg\u0142oszeniowym. Nie wypisanie ich mo\u017ce skutkowa\u0107 wyproszeniem Wystawcy z konwentu przez Organizatora lub te\u017c na polecenie Organizatora ma on obowi\u0105zek bezwzgl\u0119dnego zaprzestania sprzeda\u017cy konkretnego rodzaju przedmiot\u00f3w nie wypisanych wcze\u015bniej w formularzu.<\/p>\n\n\n\n<p><strong>49. <\/strong>Wystawcy maj\u0105 absolutny zakaz naklejania czegokolwiek na \u015bcianach. W razie uszkodze\u0144 Wystawca ponosi pe\u0142n\u0105 odpowiedzialno\u015b\u0107 i koszty naprawy uszkodzonej \u015bciany. To samo tyczy si\u0119 pod\u0142\u00f3g, sto\u0142\u00f3w oraz wypo\u017cyczonych krzese\u0142.<\/p>\n\n\n\n<p><strong>50. <\/strong>Zakazuje si\u0119 Wystawcom pozostawiania pojazd\u00f3w w miejscach ograniczaj\u0105cych wjazd na parking lub przed samym wej\u015bciem na konwent.<\/p>\n\n\n\n<p><strong>51<\/strong>. Organizator nie gwarantuje miejsc parkingowych na terenie szko\u0142y.<\/p>\n\n\n\n<p><strong>52. <\/strong>Wystawcy maj\u0105 obowi\u0105zek po zaparkowaniu na terenie szko\u0142y w celu rozpakowania towaru lub gdy zajm\u0105 miejsce parkingowe w pobli\u017cu szko\u0142y, umiejscowienia za wycieraczk\u0105 kartki z nazw\u0105 stoiska oraz numerem kontaktowym \u2013 jest to wa\u017cne, poniewa\u017c w przypadku gdy samoch\u00f3d trzeba b\u0119dzie przestawi\u0107 \u2013 b\u0119dziemy wiedzie\u0107 z kim si\u0119 skontaktowa\u0107.<\/p>\n\n\n\n<p><strong>53. <\/strong>Zabrania si\u0119 Wystawcy umieszczania reklam, og\u0142osze\u0144, plakat\u00f3w, ulotek itp. na terenie ca\u0142ego konwentu bez uzgodnienia tego faktu z Organizatorem.<\/p>\n\n\n\n<p><strong>54. <\/strong>Istnieje mo\u017cliwo\u015b\u0107 umieszczania materia\u0142\u00f3w reklamowych i promocyjnych za dodatkow\u0105 op\u0142at\u0105. W tej sprawie prosimy o kontakt poprzez maila tsuru.wystawcy@gmail.com<\/p>\n\n\n\n<p><strong>55. <\/strong>Organizator zastrzega sobie prawo do zmiany regulaminu przed konwentem.<\/p>\n\n\n\n<p><strong>56. <\/strong>Wystawc\u00f3w niepe\u0142noletnich obowi\u0105zuje zgoda opiekuna prawnego.<\/p>\n\n\n\n<p><strong>57. <\/strong>Jeden Wystawca mo\u017ce zg\u0142osi\u0107 tylko jedno stoisko. Nie ma mo\u017cliwo\u015b\u0107 indywidualnego wydzielenia przestrzeni wystawowej podmiotom trzecim!<\/p>\n\n\n\n<p><strong>58.<\/strong> Na terenie imprezy mog\u0105 prowadzi\u0107 sprzeda\u017c tylko podmioty, kt\u00f3re uzyska\u0142y na to zgod\u0119 od Organizatora.<\/p>\n\n\n\n<p><strong>59.<\/strong> Ka\u017cdy Wystawca ma obowi\u0105zek przedstawi\u0107 list\u0119 pracownik\u00f3w na konwencie w formularzu zg\u0142oszeniowym albo przes\u0142a\u0107 j\u0105 drog\u0105 e-mailow\u0105 najp\u00f3\u017aniej do dnia 14 marca 2025 roku.<\/p>\n\n\n\n<p><strong>60.<\/strong> Wystawca ma prawo do wycofania swojego wniosku o przyj\u0119cie na konwent. Mo\u017ce on to zrobi\u0107 drog\u0105 mailow\u0105 najp\u00f3\u017aniej do dnia 22 lutego 2025 roku.<\/p>\n\n\n\n<p><strong>61.<\/strong> Wystawca ma prawo zrezygnowa\u0107 z udzia\u0142u w imprezie i otrzyma\u0107 zwrot koszt\u00f3w do dnia 14 marca 2025 roku. Po tym dniu wszystkie zg\u0142oszenia b\u0119d\u0105 akceptowane jednak zwrot koszt\u00f3w b\u0119dzie rozpatrywany indywidualnie przez Organizatora.<\/p>\n\n\n\n<p><strong>62.<\/strong> Je\u017celi Wystawca nie we\u017amie udzia\u0142u w imprezie i nie zg\u0142osi tego faktu Organizatorowi, nie ma on prawa \u017c\u0105da\u0107 zwrotu koszt\u00f3w za wynaj\u0119t\u0105 przestrze\u0144 wystawow\u0105.<\/p>\n\n\n\n<p><strong>63. <\/strong>Rezerwacja stoiska jest r\u00f3wnoznaczna z akceptacj\u0105 Regulaminu Wystawc\u00f3w oraz Regulaminu Konwentu.<\/p>\n\n\n\n<p><strong>64. <\/strong>Nieznajomo\u015b\u0107 regulaminu nie zwalnia z ponoszenia konsekwencji wynikaj\u0105cych z jego nieprzestrzegania. Wystawcy nieprzestrzegaj\u0105cy regulaminu mog\u0105 zosta\u0107 dyscyplinarnie usuni\u0119ci z terenu konwentu.<\/p>\n\n\n\n<p><strong>65. <\/strong>Wystawcy maj\u0105 prawo do korzystania z kolejki uprzywilejowanej.<\/p>\n\n\n\n<p><strong>66. <\/strong>W razie odwo\u0142ania lub nieodbycia si\u0119 imprezy Wystawcy otrzymaj\u0105 zwrot w ci\u0105gu 14 dni roboczych na podany przez siebie numer konta.<\/p>\n\n\n\n<p>W przypadku przesuni\u0119cia daty wydarzenia tak\u017ce b\u0119dzie mo\u017cliwy takowy zwrot lub pozostanie w identycznej, uzgodnionej wcze\u015bniej formie Wystawcy na nowy termin bez zwrotu koszt\u00f3w za stoisko.<\/p>\n\n\n\n<p><strong>67<\/strong>. Dodatkowe warunki wynajmu stoiska nieuwzgl\u0119dnione w regulaminie omawiane s\u0105 indywidualnie z Organizatorami.<\/p>\n\n\n\n<p><strong>68. Organizator ma prawo wyprosi\u0107 Wystawc\u0119 z terenu imprezy i wymaga\u0107 od niego niezw\u0142ocznego zaprzestania sprzeda\u017cy w przypadku naruszenia lub pr\u00f3by obej\u015bcia kt\u00f3regokolwiek z punkt\u00f3w regulaminu.<\/strong><\/p>\n\n\n\n<p><strong>69. <\/strong>Wszelkie wnioski i pytania prosimy kierowa\u0107 w trakcie imprezy do Organizatora ds. Wystawc\u00f3w.<\/p>\n\n\n\n<div style=\"height:100px\" aria-hidden=\"true\" class=\"wp-block-spacer\"><\/div>\n\n\n\n<p class=\"has-text-align-center has-medium-font-size\"><strong>Waluta konwentowa i rozliczenie za stoisko<\/strong><\/p>\n\n\n\n<div style=\"height:100px\" aria-hidden=\"true\" class=\"wp-block-spacer\"><\/div>\n\n\n\n<p><strong>70.<\/strong> Wystawcy maj\u0105 obowi\u0105zek akceptowania na swoim stoisku waluty konwentowej:<br>1 punkt waluty jest r\u00f3wnowarty 1 z\u0142oty. Pod koniec konwentu wydane punkty walutowe b\u0119d\u0105 zamienione na got\u00f3wk\u0119.<\/p>\n\n\n\n<p><strong>71.<\/strong> Rozliczenie za stoisko odbywa\u0107 si\u0119 b\u0119dzie na podstawie wystawionej faktury, na kt\u00f3rej op\u0142acenie Wystawcy b\u0119d\u0105 mieli <strong>7 dni<\/strong> od terminu jej otrzymania.&nbsp;<\/p>\n\n\n\n<p>Prosimy wszelkie pytania zwi\u0105zane z Wystawcami kierowa\u0107 na adres: <strong>tsuru.wystawcy@gmail.com<\/strong><\/p>\n\n\n\n<div style=\"height:100px\" aria-hidden=\"true\" class=\"wp-block-spacer\"><\/div>\n","protected":false},"excerpt":{"rendered":"<p>Regulamin Wystawc\u00f3w Aicon 2025 Informacje podstawowe 1. Organizatorem imprezy Aicon 2025 w Rybniku jest firma BORA Bogus\u0142aw Rakowski ze swoj\u0105 siedzib\u0105 w Radlinie, nazywana dalej Organizatorem. 2. Zg\u0142oszenia na Wystawc\u0119 odbywa\u0107 si\u0119 b\u0119d\u0105 poprzez formularz zg\u0142oszeniowy znajduj\u0105cy si\u0119: https:\/\/aicon-fest.pl\/index.php\/zgloszenia-2\/ 3. Zg\u0142oszenia na Wystawc\u00f3w b\u0119d\u0105 przyjmowane w dniach od 20.01.2025 do 21.02.2025 roku. Organizator zastrzega sobie<br \/><a href=\"https:\/\/aicon-fest.pl\/index.php\/regulamin-wystawcow\/\" class=\"more\">Read more<\/a><\/p>\n","protected":false},"author":1,"featured_media":0,"parent":0,"menu_order":0,"comment_status":"closed","ping_status":"closed","template":"","meta":{"footnotes":""},"class_list":["post-8435","page","type-page","status-publish","hentry"],"_links":{"self":[{"href":"https:\/\/aicon-fest.pl\/index.php\/wp-json\/wp\/v2\/pages\/8435","targetHints":{"allow":["GET"]}}],"collection":[{"href":"https:\/\/aicon-fest.pl\/index.php\/wp-json\/wp\/v2\/pages"}],"about":[{"href":"https:\/\/aicon-fest.pl\/index.php\/wp-json\/wp\/v2\/types\/page"}],"author":[{"embeddable":true,"href":"https:\/\/aicon-fest.pl\/index.php\/wp-json\/wp\/v2\/users\/1"}],"replies":[{"embeddable":true,"href":"https:\/\/aicon-fest.pl\/index.php\/wp-json\/wp\/v2\/comments?post=8435"}],"version-history":[{"count":44,"href":"https:\/\/aicon-fest.pl\/index.php\/wp-json\/wp\/v2\/pages\/8435\/revisions"}],"predecessor-version":[{"id":9345,"href":"https:\/\/aicon-fest.pl\/index.php\/wp-json\/wp\/v2\/pages\/8435\/revisions\/9345"}],"wp:attachment":[{"href":"https:\/\/aicon-fest.pl\/index.php\/wp-json\/wp\/v2\/media?parent=8435"}],"curies":[{"name":"wp","href":"https:\/\/api.w.org\/{rel}","templated":true}]}}