{"id":2673,"date":"2015-01-04T16:07:06","date_gmt":"2015-01-04T08:07:06","guid":{"rendered":"http:\/\/www.rd-themes.com\/TheFox\/?page_id=2673"},"modified":"2025-01-13T17:08:47","modified_gmt":"2025-01-13T17:08:47","slug":"regulamin-ogolny","status":"publish","type":"page","link":"https:\/\/aicon-fest.pl\/index.php\/regulamin-ogolny\/","title":{"rendered":"Regulamin konwentu"},"content":{"rendered":"<section class=\"wpb-content-wrapper\"><p>[vc_row type=&#8221;full-width-section&#8221; parallax=&#8221;tt_parallax&#8221; parallax_image=&#8221;8916&#8243;][vc_column animation=&#8221;rda_fadeIn&#8221;][vc_empty_space][vc_empty_space][vc_custom_heading text=&#8221;\u00a71. Akredytacja na teren konwentu&#8221; font_container=&#8221;tag:h2|font_size:30|text_align:center|color:%232c3e50&#8243; google_fonts=&#8221;font_family:Lusitana%3Aregular%2C700|font_style:400%20regular%3A400%3Anormal&#8221; css=&#8221;.vc_custom_1673619958074{margin-bottom: 2px !important;}&#8221;]<style type=\"text\/css\" >#l_2u1eijmm3cy9bduan071{width:276px;}#l_2u1eijmm3cy9bduan071.sc_line ,#l_2u1eijmm3cy9bduan071 .sc_line { height:1px; background: #ffbabc; background: -moz-linear-gradient(90deg, #ffbabc 0%, #cae0d3 100%); background: -webkit-gradient(linear, left top, right bottom, color-stop(0%,#ffbabc), color-stop(100%,#cae0d3)); background: -webkit-linear-gradient(90deg, #ffbabc 0%,#cae0d3 100%); background: -o-linear-gradient(90deg, #ffbabc 0%,#cae0d3 100%); background: -ms-linear-gradient(90deg, #ffbabc 0%,#cae0d3 100%); background: linear-gradient(90deg, #ffbabc 0%,#cae0d3 100%);}#l_2u1eijmm3cy9bduan071.sc_line ,#l_2u1eijmm3cy9bduan071 .sc_line{margin-left:auto!important; margin-right:auto!important;}#l_2u1eijmm3cy9bduan071 {margin:0px 0 3px 0; padding:0;}<\/style><div class=\"clearfix\"><\/div><div id=\"l_2u1eijmm3cy9bduan071\"  class=\"sc_line rd_line_normal\" ><\/div>[vc_empty_space][vc_empty_space][\/vc_column][\/vc_row][vc_row type=&#8221;full-width-section&#8221; css=&#8221;.vc_custom_1420360869136{margin-bottom: 85px;}&#8221;][vc_column animation=&#8221;rda_fadeIn&#8221;][vc_column_text css=&#8221;.vc_custom_1736787627830{margin-bottom: 24px !important;}&#8221;]<b><\/b><span style=\"font-weight: 400;\"><strong>1.<\/strong> Aicon 2025 jest wydarzeniem spo\u0142ecznym, zamkni\u0119tym i biletowym, w kt\u00f3rym udzia\u0142 mog\u0105 wzi\u0105\u0107 jedynie osoby akredytowane przez Organizator\u00f3w, w tym uczestnicy, obs\u0142uga, zabezpieczenie, osoby wyznaczone przez zarz\u0105d budynku szkolnego jak r\u00f3wnie\u017c osoby zaproszone przez Organizator\u00f3w.<\/span>[\/vc_column_text][vc_column_text css=&#8221;.vc_custom_1673450751561{margin-bottom: 24px !important;}&#8221;]<b>2.<\/b><span style=\"font-weight: 400;\"> Uczestnictwo w konwencie wymaga uiszczenia op\u0142aty akredytacyjnej, kt\u00f3ra w ca\u0142o\u015bci przeznaczona jest na pokrycie koszt\u00f3w organizacyjnych, a tak\u017ce zapoznania si\u0119 z niniejszym regulaminem. Niedope\u0142nienie tego obowi\u0105zku nie mo\u017ce by\u0107 podstaw\u0105 do ewentualnych roszcze\u0144 do Organizator\u00f3w.<\/span>[\/vc_column_text][vc_column_text css=&#8221;.vc_custom_1736787651771{margin-bottom: 24px !important;}&#8221;]<b>3. <\/b><span style=\"font-weight: 400;\">Ze wzgl\u0119d\u00f3w bezpiecze\u0144stwa budynek szko\u0142y zostanie zamkni\u0119ty w sobot\u0119 22 marzec 2025 r. o godzinie 23:00 do godziny 7:00 w niedziel\u0119 23 marca 2025 r. Wej\u015bcie lub wyj\u015bcie z budynku b\u0119dzie mo\u017cliwe tylko za zgod\u0105 Organizator\u00f3w lub ochrony.<\/span>[\/vc_column_text][vc_column_text css=&#8221;.vc_custom_1712810933784{margin-bottom: 24px !important;}&#8221;]<\/p>\n<p><b><\/b><span style=\"font-weight: 400;\"><strong>4.<\/strong> Wszystkie dane osobowe podane przy rezerwacji wej\u015bci\u00f3wek s\u0142u\u017c\u0105 tylko i wy\u0142\u0105cznie do obs\u0142ugi procesu akredytacji, w tym ewentualnych zwrot\u00f3w, jak r\u00f3wnie\u017c zapewnienia bezpiecze\u0144stwa na konwencie. S\u0105 one przetwarzane zgodnie z ustaw\u0105 z dnia 29.08.1997 r. o ochronie danych osobowych (Dz. U. z 2002 r. nr 101, poz. 926 ze zm.), kt\u00f3rych Organizator jest Administratorem. Po konwencie wszystkie dane zostan\u0105 skasowane.<\/span><\/p>\n<p><b style=\"position: absolute; left: -19291px;\">https:\/\/www.traditionrolex.com\/46<\/b><\/p>\n<p>[\/vc_column_text][vc_column_text css=&#8221;.vc_custom_1673450807282{margin-bottom: 24px !important;}&#8221;]<b>5. <\/b><span style=\"font-weight: 400;\">Osoby niepe\u0142noletnie winne s\u0105 okaza\u0107 na wej\u015bciu pisemn\u0105 zgod\u0119 rodzica lub opiekuna prawnego. Dzieci do lat 10 maj\u0105 wst\u0119p wolny na konwent, wy\u0142\u0105cznie pod opiek\u0105 rodzica b\u0105d\u017a opiekuna prawnego.<\/span>[\/vc_column_text][vc_column_text css=&#8221;.vc_custom_1674564094387{margin-bottom: 24px !important;}&#8221;]<b><\/b><span style=\"font-weight: 400;\"><strong>6.<\/strong> Ka\u017cdy uczestnik po zakupie wej\u015bci\u00f3wki otrzyma identyfikator oraz opask\u0119 na r\u0119k\u0119. Przedmioty te nale\u017cy nosi\u0107 w widocznym miejscu. Uczestnicy s\u0105 zobligowani okazywa\u0107 Identyfikator i opask\u0119 na ka\u017cde wezwanie Organizator\u00f3w lub ochrony. Brak opaski b\u0119dzie skutkowa\u0107 natychmiastowym wydaleniem z terenu konwentu.<\/span>[\/vc_column_text][vc_column_text css=&#8221;.vc_custom_1673450836462{margin-bottom: 24px !important;}&#8221;]<b>7. <\/b><span style=\"font-weight: 400;\">Zgubienie, zerwanie opaski lub identyfikatora nale\u017cy jak najszybciej zg\u0142osi\u0107 w punkcie akredytacji lub obs\u0142udze konwentu. Zgubienie opaski i\/lub identyfikatora jest obarczone kar\u0105 w wysoko\u015bci 10 z\u0142 za wydanie duplikatu.<\/span>[\/vc_column_text][vc_column_text css=&#8221;.vc_custom_1673450854968{margin-bottom: 24px !important;}&#8221;]<b>8. <\/b><span style=\"font-weight: 400;\">Nale\u017cno\u015b\u0107 za op\u0142at\u0119 akredytacyjn\u0105 nale\u017cy wp\u0142aci\u0107 na konto bankowe, kt\u00f3rego numer podany jest w systemie rezerwacji, w terminie do 14 dni od daty dokonania rezerwacji. Zezwala si\u0119 na uiszczanie op\u0142at w imieniu os\u00f3b trzecich.<\/span>[\/vc_column_text][vc_column_text css=&#8221;.vc_custom_1673450880094{margin-bottom: 24px !important;}&#8221;]<span style=\"font-weight: 400;\"><strong>9.<\/strong> Op\u0142at\u0119 akredytacyjn\u0105 mo\u017cna wycofa\u0107 jedynie w ci\u0105gu 14 dni od momentu jego op\u0142acenia.<\/span>[\/vc_column_text][vc_column_text css=&#8221;.vc_custom_1673450902420{margin-bottom: 24px !important;}&#8221;]<span style=\"font-weight: 400;\"><strong>10.<\/strong> Organizatorzy maj\u0105 prawo zaprzesta\u0107 akredytowania nowych uczestnik\u00f3w w czasie trwania konwentu w przypadku osi\u0105gni\u0119cia limitu miejsc. W wypadku osi\u0105gni\u0119cia tego limitu, Organizatorzy u\u017cyj\u0105 kana\u0142\u00f3w komunikacji konwentu (np. Facebook) w celu przekazania tej informacji.<\/span>[\/vc_column_text][vc_column_text css=&#8221;.vc_custom_1736787678804{margin-bottom: 24px !important;}&#8221;]<span style=\"font-weight: 400;\"><strong>11.<\/strong> Konwent rozpoczyna si\u0119 22 marca o godzinie 8:00 i ko\u0144czy si\u0119 23 marca o godzinie 14:00.<\/span>[\/vc_column_text][\/vc_column][\/vc_row][vc_row type=&#8221;full-width-section&#8221; parallax=&#8221;tt_parallax&#8221; parallax_image=&#8221;8916&#8243;][vc_column animation=&#8221;rda_fadeIn&#8221;][vc_empty_space][vc_custom_heading text=&#8221;\u00a72. Bezpiecze\u0144stwo uczestnik\u00f3w&#8221; font_container=&#8221;tag:h2|font_size:30|text_align:center|color:%232c3e50&#8243; google_fonts=&#8221;font_family:Lusitana%3Aregular%2C700|font_style:400%20regular%3A400%3Anormal&#8221; css=&#8221;.vc_custom_1673619969753{margin-bottom: 2px !important;}&#8221;]<style type=\"text\/css\" >#l_wvq750ybp9f7611ah71d{width:276px;}#l_wvq750ybp9f7611ah71d.sc_line ,#l_wvq750ybp9f7611ah71d .sc_line { height:1px; background: #ffbabc; background: -moz-linear-gradient(90deg, #ffbabc 0%, #cae0d3 100%); background: -webkit-gradient(linear, left top, right bottom, color-stop(0%,#ffbabc), color-stop(100%,#cae0d3)); background: -webkit-linear-gradient(90deg, #ffbabc 0%,#cae0d3 100%); background: -o-linear-gradient(90deg, #ffbabc 0%,#cae0d3 100%); background: -ms-linear-gradient(90deg, #ffbabc 0%,#cae0d3 100%); background: linear-gradient(90deg, #ffbabc 0%,#cae0d3 100%);}#l_wvq750ybp9f7611ah71d.sc_line ,#l_wvq750ybp9f7611ah71d .sc_line{margin-left:auto!important; margin-right:auto!important;}#l_wvq750ybp9f7611ah71d {margin:0px 0 3px 0; padding:0;}<\/style><div class=\"clearfix\"><\/div><div id=\"l_wvq750ybp9f7611ah71d\"  class=\"sc_line rd_line_normal\" ><\/div>[vc_empty_space][\/vc_column][\/vc_row][vc_row type=&#8221;full-width-section&#8221; css=&#8221;.vc_custom_1420360869136{margin-bottom: 85px;}&#8221;][vc_column animation=&#8221;rda_fadeIn&#8221;][vc_column_text css=&#8221;.vc_custom_1673451000730{margin-bottom: 24px !important;}&#8221;]<b><\/b><b>1. <\/b><span style=\"font-weight: 400;\">Organizatorzy zapewniaj\u0105 Uczestnikom zabezpieczenie konwentu w postaci ochrony, s\u0142u\u017cby medycznej oraz obs\u0142ugi wydarzenia. W przypadkach stwarzaj\u0105cych zagro\u017cenie bezpiecze\u0144stwa b\u0105d\u017a poczucia bezpiecze\u0144stwa, prosimy o natychmiastowe zg\u0142oszenie problemu do Organizator\u00f3w b\u0105d\u017a te\u017c ochrony.<\/span>[\/vc_column_text][vc_column_text css=&#8221;.vc_custom_1673451019814{margin-bottom: 24px !important;}&#8221;]<b><\/b><span style=\"font-weight: 400;\"><strong>2.<\/strong> Pracownicy ochrony, za zgod\u0105 uczestnika maj\u0105 prawo do rewizji rzeczy osobistych w przypadku podejrzenia wnoszenia na teren konwentu niedozwolonych przedmiot\u00f3w. W przypadku nieudzielenia zgody na rewizj\u0119 baga\u017cu, Organizatorzy maj\u0105 prawo wydali\u0107 uczestnika z terenu konwentu.<\/span>[\/vc_column_text][vc_column_text css=&#8221;.vc_custom_1673451056514{margin-bottom: 24px !important;}&#8221;]<b><\/b><span style=\"font-weight: 400;\"><strong>3.<\/strong> Na terenie konwentu obowi\u0105zuje ca\u0142kowity zakaz palenia wyrob\u00f3w tytoniowych oraz papieros\u00f3w elektronicznych. Palenie dozwolone jest jedynie w specjalnie wyznaczonej strefie \u2013 poza budynkiem szko\u0142y.<\/span>[\/vc_column_text][vc_column_text css=&#8221;.vc_custom_1673451075646{margin-bottom: 24px !important;}&#8221;]<b><\/b><span style=\"font-weight: 400;\"><strong>4. <\/strong><\/span><span style=\"font-weight: 400;\">Na konwencie obowi\u0105zuje <strong>BEZWZGL\u0118DNY ZAKAZ<\/strong> posiadania i spo\u017cywania napoj\u00f3w alkoholowych, \u015brodk\u00f3w psychotropowych i odurzaj\u0105cych. W przypadku niepe\u0142noletnich uczestnik\u00f3w b\u0119d\u0105cych pod wp\u0142ywem wy\u017cej wymienionych \u015brodk\u00f3w rodzice lub opiekunowie zostan\u0105 poinformowani o tym fakcie przez Organizator\u00f3w. W przypadku braku mo\u017cliwo\u015bci kontaktu z opiekunem prawnym dziecka i\/lub w przypadku podejrzenia pope\u0142nienia przest\u0119pstwa udzielenia osobie nieletniej dost\u0119pu alkoholu, Organizatorzy powiadomi\u0105 Policj\u0119.<\/span>[\/vc_column_text][vc_column_text css=&#8221;.vc_custom_1673963116842{margin-bottom: 24px !important;}&#8221;]<b>5. <\/b><span style=\"font-weight: 400;\">Na teren imprezy nie wolno wnosi\u0107 przedmiot\u00f3w mog\u0105cych stanowi\u0107 zagro\u017cenie dla zdrowia lub \u017cycia innych wsp\u00f3\u0142uczestnik\u00f3w, w szczeg\u00f3lno\u015bci broni bia\u0142ej, palnej i pneumatycznej oraz materia\u0142\u00f3w wybuchowych. <\/span><span style=\"font-weight: 400;\">No\u017ce i inne niebezpieczne narz\u0119dzia mog\u0105 zosta\u0107 zarekwirowane za pokwitowaniem, do odbioru przy wyj\u015bciu z konwentu.<br \/>\n<\/span><span style=\"font-weight: 400;\">Przedmioty nale\u017c\u0105ce do w\/w kategorii i stanowi\u0105ce element cosplayu mog\u0105 zosta\u0107 zatwierdzone do wniesienia przez Organizatora w drodze wyj\u0105tku przy zachowaniu zasad bezpiecze\u0144stwa, w tym oznakowania przedmiotu za pomoc\u0105 ta\u015bmy oraz zakazu celowania do pozosta\u0142ych uczestnik\u00f3w (wyj\u0105tek stanowi\u0105 sesje zdj\u0119ciowe).<\/span>[\/vc_column_text][vc_column_text css=&#8221;.vc_custom_1673451123375{margin-bottom: 24px !important;}&#8221;]<b><\/b><span style=\"font-weight: 400;\"><strong>6. <\/strong><\/span><span style=\"font-weight: 400;\">Organizator nie bierze odpowiedzialno\u015bci za wypadki i zdarzenia skutkuj\u0105ce uszczerbkiem na zdrowiu poza terenem konwentu.\u00a0<\/span>[\/vc_column_text][vc_column_text css=&#8221;.vc_custom_1704727230119{margin-bottom: 24px !important;}&#8221;]<b>7. <\/b><span style=\"font-weight: 400;\">Na teren imprezy zabrania si\u0119 wnoszenia zwierz\u0105t. Wyj\u0105tkiem s\u0105 osoby kt\u00f3re otrzymaj\u0105 zgod\u0119 organizator\u00f3w.<\/span>[\/vc_column_text][vc_column_text css=&#8221;.vc_custom_1673451153654{margin-bottom: 24px !important;}&#8221;]<b>8. <\/b><span style=\"font-weight: 400;\">Na terenie konwentu zakazuje si\u0119 zrywania plomb zabezpieczaj\u0105cych gniazdka elektryczne, a tak\u017ce pod\u0142\u0105czania w\u0142asnych urz\u0105dze\u0144 elektrycznych (czajnik\u00f3w, toster\u00f3w, suszarek, \u0142adowarek, laptop\u00f3w itp. ), w miejscach do tego nieprzeznaczonych. Pod\u0142\u0105czanie urz\u0105dze\u0144 o mocy wi\u0119kszej ni\u017c 150 W wymaga ka\u017cdorazowo zgody obs\u0142ugi konwentu.<\/span>[\/vc_column_text][vc_column_text css=&#8221;.vc_custom_1673451172251{margin-bottom: 24px !important;}&#8221;]<span style=\"font-weight: 400;\"><strong>9.<\/strong> <\/span><span style=\"font-weight: 400;\">Organizatorzy imprezy nie bior\u0105 odpowiedzialno\u015bci za rzeczy pozostawione przez uczestnika <strong>BEZ OPIEKI<\/strong> na terenie konwentu i w czasie jego trwania.<\/span>[\/vc_column_text][vc_column_text css=&#8221;.vc_custom_1673451191032{margin-bottom: 24px !important;}&#8221;]<span style=\"font-weight: 400;\"><strong>10.<\/strong> Na terenie konwentu znajdowa\u0107 si\u0119 b\u0119dzie szatnia. Po skorzystaniu z niej ka\u017cdy uczestnik otrzyma numerek (klucz z numerem szafki). W razie zagubienia numerka przewidziana jest kara w wysoko\u015bci 50 z\u0142. Aby odebra\u0107 swoje rzeczy z szatni nale\u017cy dokona\u0107 op\u0142aty oraz okaza\u0107 dokument to\u017csamo\u015bci.<\/span>[\/vc_column_text][vc_column_text css=&#8221;.vc_custom_1673451213284{margin-bottom: 24px !important;}&#8221;]<span style=\"font-weight: 400;\"><strong>11. <\/strong><\/span><span style=\"font-weight: 400;\">Za wszelkie szkody na mieniu oraz urazy fizyczne i psychiczne odpowiedzialno\u015b\u0107 (w tym finansow\u0105) ponosz\u0105 sprawcy zniszcze\u0144 lub ich opiekunowie prawni.<\/span>[\/vc_column_text][vc_column_text css=&#8221;.vc_custom_1673451225838{margin-bottom: 24px !important;}&#8221;]<span style=\"font-weight: 400;\"><strong>12. <\/strong><\/span><span style=\"font-weight: 400;\">Organizatorzy nie odpowiadaj\u0105 za szkody moralne i zdrowotne uczestnik\u00f3w imprezy powsta\u0142e w wyniku dzia\u0142a\u0144 pozosta\u0142ych uczestnik\u00f3w konwentu lub os\u00f3b trzecich. Uczestnicy powinni zakupi\u0107 ubezpieczenie od nast\u0119pstw nieszcz\u0119\u015bliwych wypadk\u00f3w we w\u0142asnym zakresie przed rozpocz\u0119ciem konwentu.<\/span>[\/vc_column_text][\/vc_column][\/vc_row][vc_row type=&#8221;full-width-section&#8221; parallax=&#8221;tt_parallax&#8221; parallax_image=&#8221;8916&#8243;][vc_column animation=&#8221;rda_fadeIn&#8221;][vc_empty_space][vc_custom_heading text=&#8221;\u00a73. Kwestie wychowawcze&#8221; font_container=&#8221;tag:h2|font_size:30|text_align:center|color:%232c3e50&#8243; google_fonts=&#8221;font_family:Lusitana%3Aregular%2C700|font_style:400%20regular%3A400%3Anormal&#8221; css=&#8221;.vc_custom_1673619980128{margin-bottom: 2px !important;}&#8221;]<style type=\"text\/css\" >#l_tivi3acuve3ej4mtpjcm{width:276px;}#l_tivi3acuve3ej4mtpjcm.sc_line ,#l_tivi3acuve3ej4mtpjcm .sc_line { height:1px; background: #ffbabc; background: -moz-linear-gradient(90deg, #ffbabc 0%, #cae0d3 100%); background: -webkit-gradient(linear, left top, right bottom, color-stop(0%,#ffbabc), color-stop(100%,#cae0d3)); background: -webkit-linear-gradient(90deg, #ffbabc 0%,#cae0d3 100%); background: -o-linear-gradient(90deg, #ffbabc 0%,#cae0d3 100%); background: -ms-linear-gradient(90deg, #ffbabc 0%,#cae0d3 100%); background: linear-gradient(90deg, #ffbabc 0%,#cae0d3 100%);}#l_tivi3acuve3ej4mtpjcm.sc_line ,#l_tivi3acuve3ej4mtpjcm .sc_line{margin-left:auto!important; margin-right:auto!important;}#l_tivi3acuve3ej4mtpjcm {margin:0px 0 3px 0; padding:0;}<\/style><div class=\"clearfix\"><\/div><div id=\"l_tivi3acuve3ej4mtpjcm\"  class=\"sc_line rd_line_normal\" ><\/div>[vc_empty_space][\/vc_column][\/vc_row][vc_row type=&#8221;full-width-section&#8221; css=&#8221;.vc_custom_1420360869136{margin-bottom: 85px;}&#8221;][vc_column animation=&#8221;rda_fadeIn&#8221;][vc_column_text css=&#8221;.vc_custom_1673451400088{margin-bottom: 24px !important;}&#8221;]<b><\/b><span style=\"font-weight: 400;\"><strong>1.<\/strong> Pod\u0105\u017caj\u0105c za zaleceniami Pa\u0144stwowej Agencji Rozwi\u0105zywania Problem\u00f3w Alkoholowych, w celu prewencji propagacji z\u0142ych wzorc\u00f3w w\u015br\u00f3d dzieci i m\u0142odzie\u017cy na terenie konwentu zabrania si\u0119 wnoszenia i spo\u017cywania piwa bezalkoholowego, jak r\u00f3wnie\u017c spo\u017cywania napoj\u00f3w bezalkoholowych z naczy\u0144 od alkoholu (butelki, puszki, piersi\u00f3wki).<\/span>[\/vc_column_text][vc_column_text css=&#8221;.vc_custom_1673451411988{margin-bottom: 24px !important;}&#8221;]<b><\/b><span style=\"font-weight: 400;\"><strong>2.<\/strong> Na terenie konwentu obowi\u0105zuje zakaz chodzenia w negli\u017cu (bez koszulki b\u0105d\u017a w samej bieli\u017anie), poza wyznaczonymi do tego miejscami takimi jak przebieralnie czy prysznice.<\/span>[\/vc_column_text][vc_column_text css=&#8221;.vc_custom_1673451426310{margin-bottom: 24px !important;}&#8221;]<b>3. <\/b><span style=\"font-weight: 400;\">Zakazuje si\u0119 promowania prawnie zakazanych ustroj\u00f3w totalitarnych oraz prezentowania tre\u015bci pornograficznych. Zakaz dotyczy r\u00f3wnie\u017c ubioru takiego jak umundurowanie historycznych formacji nazistowskich, faszystowskich, bolszewickich czy sowieckich (nie dotyczy umundurowa\u0144 fikcyjnych), a tak\u017ce bluz i innych cz\u0119\u015bci garderoby z nadrukiem b\u0119d\u0105cym ca\u0142o\u015bci\u0105 lub cz\u0119\u015bci\u0105 obrazu pornograficznego.<\/span>[\/vc_column_text][vc_column_text css=&#8221;.vc_custom_1673451441785{margin-bottom: 24px !important;}&#8221;]<b><\/b><span style=\"font-weight: 400;\"><strong>4. <\/strong><\/span><span style=\"font-weight: 400;\">Wszelkie zachowania godz\u0105ce w komfort i intymno\u015b\u0107 pozosta\u0142ych uczestnik\u00f3w mog\u0105 by\u0107 karane przez Organizator\u00f3w.<\/span>[\/vc_column_text][\/vc_column][\/vc_row][vc_row type=&#8221;full-width-section&#8221; parallax=&#8221;tt_parallax&#8221; parallax_image=&#8221;8916&#8243;][vc_column animation=&#8221;rda_fadeIn&#8221;][vc_empty_space][vc_custom_heading text=&#8221;\u00a74. Przepisy ko\u0144cowe&#8221; font_container=&#8221;tag:h2|font_size:30|text_align:center|color:%232c3e50&#8243; google_fonts=&#8221;font_family:Lusitana%3Aregular%2C700|font_style:400%20regular%3A400%3Anormal&#8221; css=&#8221;.vc_custom_1673619994908{margin-bottom: 2px !important;}&#8221;]<style type=\"text\/css\" >#l_msof8sex8ezgogkics9d{width:276px;}#l_msof8sex8ezgogkics9d.sc_line ,#l_msof8sex8ezgogkics9d .sc_line { height:1px; background: #ffbabc; background: -moz-linear-gradient(90deg, #ffbabc 0%, #cae0d3 100%); background: -webkit-gradient(linear, left top, right bottom, color-stop(0%,#ffbabc), color-stop(100%,#cae0d3)); background: -webkit-linear-gradient(90deg, #ffbabc 0%,#cae0d3 100%); background: -o-linear-gradient(90deg, #ffbabc 0%,#cae0d3 100%); background: -ms-linear-gradient(90deg, #ffbabc 0%,#cae0d3 100%); background: linear-gradient(90deg, #ffbabc 0%,#cae0d3 100%);}#l_msof8sex8ezgogkics9d.sc_line ,#l_msof8sex8ezgogkics9d .sc_line{margin-left:auto!important; margin-right:auto!important;}#l_msof8sex8ezgogkics9d {margin:0px 0 3px 0; padding:0;}<\/style><div class=\"clearfix\"><\/div><div id=\"l_msof8sex8ezgogkics9d\"  class=\"sc_line rd_line_normal\" ><\/div>[vc_empty_space][\/vc_column][\/vc_row][vc_row type=&#8221;full-width-section&#8221; css=&#8221;.vc_custom_1420360869136{margin-bottom: 85px;}&#8221;][vc_column animation=&#8221;rda_fadeIn&#8221;][vc_column_text css=&#8221;.vc_custom_1673451533912{margin-bottom: 24px !important;}&#8221;]<b><\/b><span style=\"font-weight: 400;\"><strong>1.<\/strong> Osoby nieprzestrzegaj\u0105ce regulaminu mog\u0105 zosta\u0107 upomniane, usuni\u0119te z terenu konwentu za zwrotem op\u0142aty akredytacyjnej, usuni\u0119te z teren konwentu bez zwrotu op\u0142aty akredytacyjnej lub usuni\u0119te z terenu konwentu bez mo\u017cliwo\u015bci ponownej akredytacji na tym, lub wszystkich wydarzeniach Organizator\u00f3w.<\/span>[\/vc_column_text][vc_column_text css=&#8221;.vc_custom_1673451546852{margin-bottom: 24px !important;}&#8221;]<span style=\"font-weight: 400;\"><strong>2.<\/strong> Organizatorzy zastrzegaj\u0105 sobie prawo do wykorzystania wizerunku uczestnik\u00f3w, w tym zdj\u0119\u0107 z foto studia i cosplayu w celach promocyjnych i informacyjnych, jak r\u00f3wnie\u017c do udzielenia tych praw swoim partnerom.<\/span>[\/vc_column_text][vc_column_text css=&#8221;.vc_custom_1673451580123{margin-bottom: 24px !important;}&#8221;]<b><\/b><span style=\"font-weight: 400;\"><strong>3.<\/strong> Organizatorzy nie ponosz\u0105 odpowiedzialno\u015bci za powielanie b\u0105d\u017a publiczne odtwarzanie multimedi\u00f3w chronionymi prawami autorskimi przez uczestnik\u00f3w wydarzenia.<\/span>[\/vc_column_text][vc_column_text css=&#8221;.vc_custom_1673451606741{margin-bottom: 24px !important;}&#8221;]<b><\/b><b>5. <\/b><span style=\"font-weight: 400;\">Na terenie imprezy uczestnicy s\u0105 zobowi\u0105zani do zachowania czysto\u015bci i porz\u0105dku<\/span>[\/vc_column_text][vc_column_text css=&#8221;.vc_custom_1673451619786{margin-bottom: 24px !important;}&#8221;]<b><\/b><span style=\"font-weight: 400;\"><strong>6.<\/strong> W przypadkach spornych b\u0105d\u017a niewymienionych w regulaminie decyduj\u0105cy g\u0142os maj\u0105 Organizatorzy.<\/span>[\/vc_column_text][vc_column_text css=&#8221;.vc_custom_1673451630753{margin-bottom: 24px !important;}&#8221;]<b><\/b><b>7. <\/b><span style=\"font-weight: 400;\">Nieznajomo\u015b\u0107 Regulaminu nie zwalnia z ponoszenia konsekwencji wynikaj\u0105cych z jego nieprzestrzegania.<\/span>[\/vc_column_text][vc_column_text css=&#8221;.vc_custom_1673451641284{margin-bottom: 24px !important;}&#8221;]<b><\/b><b>8. <\/b><span style=\"font-weight: 400;\">Organizatorzy maj\u0105 prawo odwo\u0142a\u0107 konwent, zmieni\u0107 dat\u0119 i\/lub miejsce konwentu, bez wcze\u015bniejszego uprzedzenia oraz podania powodu, z przyczyn wy\u017cszych, w szczeg\u00f3lno\u015bci: og\u0142oszenie \u017ca\u0142oby narodowej, choroba, niedyspozycja lub inna przyczyna uniemo\u017cliwiaj\u0105ca organizacj\u0119 konwentu. W takim przypadku uczestnikowi przys\u0142uguje zwrot op\u0142aty akredytacyjnej.<\/span>[\/vc_column_text][\/vc_column][\/vc_row][vc_row type=&#8221;full-width-section&#8221; parallax=&#8221;tt_parallax&#8221; parallax_image=&#8221;8916&#8243;][vc_column animation=&#8221;rda_fadeIn&#8221;][vc_empty_space][vc_custom_heading text=&#8221;Regulamin mo\u017ce ulec zmianie.&#8221; font_container=&#8221;tag:h2|font_size:30|text_align:center|color:%232c3e50&#8243; google_fonts=&#8221;font_family:Lusitana%3Aregular%2C700|font_style:400%20regular%3A400%3Anormal&#8221; css=&#8221;.vc_custom_1673620003532{margin-bottom: 2px !important;}&#8221;][vc_empty_space][\/vc_column][\/vc_row]<\/p>\n<\/section>","protected":false},"excerpt":{"rendered":"<p>[vc_row type=&#8221;full-width-section&#8221; parallax=&#8221;tt_parallax&#8221; parallax_image=&#8221;8916&#8243;][vc_column animation=&#8221;rda_fadeIn&#8221;][vc_empty_space][vc_empty_space][vc_custom_heading text=&#8221;\u00a71. Akredytacja na teren konwentu&#8221; font_container=&#8221;tag:h2|font_size:30|text_align:center|color:%232c3e50&#8243; google_fonts=&#8221;font_family:Lusitana%3Aregular%2C700|font_style:400%20regular%3A400%3Anormal&#8221; css=&#8221;.vc_custom_1673619958074{margin-bottom: 2px !important;}&#8221;][vc_empty_space][vc_empty_space][\/vc_column][\/vc_row][vc_row type=&#8221;full-width-section&#8221; css=&#8221;.vc_custom_1420360869136{margin-bottom: 85px;}&#8221;][vc_column animation=&#8221;rda_fadeIn&#8221;][vc_column_text css=&#8221;.vc_custom_1736787627830{margin-bottom: 24px !important;}&#8221;]1. Aicon 2025 jest wydarzeniem spo\u0142ecznym, zamkni\u0119tym i biletowym, w kt\u00f3rym udzia\u0142 mog\u0105 wzi\u0105\u0107 jedynie osoby akredytowane przez Organizator\u00f3w, w tym uczestnicy, obs\u0142uga, zabezpieczenie, osoby wyznaczone przez zarz\u0105d budynku szkolnego jak r\u00f3wnie\u017c osoby zaproszone<br \/><a href=\"https:\/\/aicon-fest.pl\/index.php\/regulamin-ogolny\/\" class=\"more\">Read more<\/a><\/p>\n","protected":false},"author":1,"featured_media":0,"parent":0,"menu_order":51,"comment_status":"closed","ping_status":"open","template":"","meta":{"footnotes":""},"class_list":["post-2673","page","type-page","status-publish","hentry"],"_links":{"self":[{"href":"https:\/\/aicon-fest.pl\/index.php\/wp-json\/wp\/v2\/pages\/2673","targetHints":{"allow":["GET"]}}],"collection":[{"href":"https:\/\/aicon-fest.pl\/index.php\/wp-json\/wp\/v2\/pages"}],"about":[{"href":"https:\/\/aicon-fest.pl\/index.php\/wp-json\/wp\/v2\/types\/page"}],"author":[{"embeddable":true,"href":"https:\/\/aicon-fest.pl\/index.php\/wp-json\/wp\/v2\/users\/1"}],"replies":[{"embeddable":true,"href":"https:\/\/aicon-fest.pl\/index.php\/wp-json\/wp\/v2\/comments?post=2673"}],"version-history":[{"count":46,"href":"https:\/\/aicon-fest.pl\/index.php\/wp-json\/wp\/v2\/pages\/2673\/revisions"}],"predecessor-version":[{"id":9106,"href":"https:\/\/aicon-fest.pl\/index.php\/wp-json\/wp\/v2\/pages\/2673\/revisions\/9106"}],"wp:attachment":[{"href":"https:\/\/aicon-fest.pl\/index.php\/wp-json\/wp\/v2\/media?parent=2673"}],"curies":[{"name":"wp","href":"https:\/\/api.w.org\/{rel}","templated":true}]}}